{"id":296,"date":"2021-09-22T02:24:30","date_gmt":"2021-09-22T02:24:30","guid":{"rendered":"https:\/\/www.wehopower.com\/?page_id=296"},"modified":"2025-11-12T17:51:02","modified_gmt":"2025-11-12T09:51:02","slug":"company","status":"publish","type":"page","link":"https:\/\/www.wehopower.com\/de\/company","title":{"rendered":"Unternehmen"},"content":{"rendered":"<div class=\"wpb-content-wrapper\"><div class=\"vc_row wpb_row vc_row-fluid company-part-one\"><div class=\"wpb_column vc_column_container vc_col-sm-2\"><div class=\"vc_column-inner\"><div class=\"wpb_wrapper\"><\/div><\/div><\/div><div class=\"wpb_column vc_column_container vc_col-sm-8\"><div class=\"vc_column-inner\"><div class=\"wpb_wrapper\">\n\t<div class=\"wpb_text_column wpb_content_element\" >\n\t\t<div class=\"wpb_wrapper\">\n\t\t\t<p style=\"text-align: center;\">Seit 2007 engagiert sich Zhejiang WEHO Electronics Co., Ltd. (ZHEJIANG WEIHAO ELECTRONIC CO., LTD) f\u00fcr die Bereitstellung von Produkten h\u00f6chster Qualit\u00e4t, wie z. B. Schaltnetzteilen und LED-Treibern. Unser Logo \u201cWeHo\u201d leitet sich aus der Kombination von \u201cwir\u201d ab, was \u201cSie und wir\u201d bedeutet, und \u201eHo\u201c, chinesisch f\u00fcr \u201eBest\u201c, was bedeutet, dass wir bestrebt sind, den bestm\u00f6glichen Service zu bieten. Die rote Farbe symbolisiert Sprungkraft, Begeisterung, Brillanz und St\u00e4rke \u2013 alles Eigenschaften, f\u00fcr die wir stehen und die wir hochhalten.<\/p>\n<p style=\"text-align: center;\">Wir zeichnen uns durch Forschung und Entwicklung aus und produzieren \u00fcber 1.000 Variationen von Netzteilen, von geschlossenen Schaltnetzteilen \u00fcber wasserdichte Netzteilserien bis hin zu DC-DC- und sogar USV-Netzteilen.<\/p>\n<p style=\"text-align: center;\">Im Laufe der Jahre hat WEHO hart daran gearbeitet, durch Treu und Glauben verl\u00e4ssliche Partnerschaften mit Kunden, Lieferanten, Auftragnehmern und Mitarbeitern aufzubauen. Infolgedessen haben wir starke Beziehungen zu Kunden auf der ganzen Welt aufgebaut, beispielsweise in den USA, Russland, Italien, Spanien, Deutschland, Kanada und anderen L\u00e4ndern. Neben der Gr\u00fcndung von Vertretungen in internationalen L\u00e4ndern und Regionen erstreckt sich unser Inlandsvertriebsnetz \u00fcber viele Provinzen und St\u00e4dte im Inland. Unser Team bietetProfessioneller technischer Support f\u00fcr alle unsere Kunden sowie After-Sales-Service, wann immer er ben\u00f6tigt wird.<\/p>\n<p><img fetchpriority=\"high\" decoding=\"async\" class=\"size-full wp-image-9767 aligncenter\" src=\"https:\/\/i1.wp.com\/www.wehopower.com\/wp-content\/uploads\/2025\/11\/weho-company.jpg?quality=85&strip=all\" alt=\"Firmentitel=\" width=\"1260\" height=\"600\" company title=\"\" srcset=\"https:\/\/i1.wp.com\/www.wehopower.com\/wp-content\/uploads\/2025\/11\/weho-company.jpg?quality=85&strip=all 1260w, https:\/\/i1.wp.com\/www.wehopower.com\/wp-content\/uploads\/2025\/11\/weho-company-300x143.jpg?quality=85&strip=all 300w, https:\/\/i1.wp.com\/www.wehopower.com\/wp-content\/uploads\/2025\/11\/weho-company-1024x488.jpg?quality=85&strip=all 1024w, https:\/\/i1.wp.com\/www.wehopower.com\/wp-content\/uploads\/2025\/11\/weho-company-768x366.jpg?quality=85&strip=all 768w\" sizes=\"(max-width: 1260px) 100vw, 1260px\" \/><\/p>\n\n\t\t<\/div>\n\t<\/div>\n<\/div><\/div><\/div><div class=\"wpb_column vc_column_container vc_col-sm-2\"><div class=\"vc_column-inner\"><div class=\"wpb_wrapper\"><\/div><\/div><\/div><\/div><div class=\"vc_row wpb_row vc_row-fluid company-part-two singular vc_row-o-content-middle vc_row-flex\"><div class=\"part-two-left wpb_column vc_column_container vc_col-sm-5\"><div class=\"vc_column-inner\"><div class=\"wpb_wrapper\">\n\t<div class=\"wpb_text_column wpb_content_element\" >\n\t\t<div class=\"wpb_wrapper\">\n\t\t\t<h2 class=\"home-h2\" style=\"text-align: left;\">Der <strong>WEHO-TEAM<\/strong><\/h2>\n<p>In unserem Unternehmen legen wir Wert darauf, ein Umfeld der offenen Zusammenarbeit zu f\u00f6rdern. Unsere Mitarbeiter f\u00fchlen sich sicher und ermutigt, ihre Ideen auszutauschen und zusammenzuarbeiten, um dem Unternehmen zu helfen und den Fortschritt voranzutreiben. Wir glauben, dass wir durch das Zusammenbringen von Menschen bessere Strategien f\u00fcr eine erfolgreiche langfristige Perspektive entwickeln k\u00f6nnen.<\/p>\n<p><a class=\"discover-more\" href=\"\/de\/company\/our-team\/\"><span class=\"first\">Entdecken<\/span><span class=\"hides\"> Mehr<\/span><\/a><\/p>\n\n\t\t<\/div>\n\t<\/div>\n<\/div><\/div><\/div><div class=\"part-two-right wpb_column vc_column_container vc_col-sm-7\"><div class=\"vc_column-inner\"><div class=\"wpb_wrapper\">\n\t<div  class=\"wpb_single_image wpb_content_element vc_align_right wpb_content_element\">\n\t\t\n\t\t<figure class=\"wpb_wrapper vc_figure\">\n\t\t\t<div class=\"vc_single_image-wrapper   vc_box_border_grey\"><img decoding=\"async\" width=\"1085\" height=\"450\" src=\"https:\/\/i1.wp.com\/www.wehopower.com\/wp-content\/uploads\/2023\/05\/FACILITIES.jpg?quality=85&strip=all\" class=\"vc_single_image-img attachment-full\" alt=\"\" title=\"EINRICHTUNGEN\" srcset=\"https:\/\/i1.wp.com\/www.wehopower.com\/wp-content\/uploads\/2023\/05\/FACILITIES.jpg?quality=85&strip=all 1085w, https:\/\/i1.wp.com\/www.wehopower.com\/wp-content\/uploads\/2023\/05\/FACILITIES-300x124.jpg?quality=85&strip=all 300w, https:\/\/i1.wp.com\/www.wehopower.com\/wp-content\/uploads\/2023\/05\/FACILITIES-1024x425.jpg?quality=85&strip=all 1024w, https:\/\/i1.wp.com\/www.wehopower.com\/wp-content\/uploads\/2023\/05\/FACILITIES-768x319.jpg?quality=85&strip=all 768w\" sizes=\"(max-width: 1085px) 100vw, 1085px\" style=\"width:100%;height:41.47%;max-width:1085px;\"><\/div>\n\t\t<\/figure>\n\t<\/div>\n<\/div><\/div><\/div><\/div><div class=\"vc_row wpb_row vc_row-fluid company-part-two even vc_row-o-content-middle vc_row-flex\"><div class=\"part-two-left wpb_column vc_column_container vc_col-sm-7\"><div class=\"vc_column-inner\"><div class=\"wpb_wrapper\">\n\t<div  class=\"wpb_single_image wpb_content_element vc_align_right wpb_content_element\">\n\t\t\n\t\t<figure class=\"wpb_wrapper vc_figure\">\n\t\t\t<div class=\"vc_single_image-wrapper   vc_box_border_grey\"><img decoding=\"async\" width=\"1200\" height=\"800\" src=\"https:\/\/i1.wp.com\/www.wehopower.com\/wp-content\/uploads\/2024\/08\/Certificate.jpg?quality=85&strip=all\" class=\"vc_single_image-img attachment-full\" alt=\"\" title=\"Zertifikat\" srcset=\"https:\/\/i1.wp.com\/www.wehopower.com\/wp-content\/uploads\/2024\/08\/Certificate.jpg?quality=85&strip=all 1200w, https:\/\/i1.wp.com\/www.wehopower.com\/wp-content\/uploads\/2024\/08\/Certificate-300x200.jpg?quality=85&strip=all 300w, https:\/\/i1.wp.com\/www.wehopower.com\/wp-content\/uploads\/2024\/08\/Certificate-1024x683.jpg?quality=85&strip=all 1024w, https:\/\/i1.wp.com\/www.wehopower.com\/wp-content\/uploads\/2024\/08\/Certificate-768x512.jpg?quality=85&strip=all 768w\" sizes=\"(max-width: 1200px) 100vw, 1200px\" style=\"width:100%;height:66.67%;max-width:1200px;\"><\/div>\n\t\t<\/figure>\n\t<\/div>\n<\/div><\/div><\/div><div class=\"part-two-right wpb_column vc_column_container vc_col-sm-5\"><div class=\"vc_column-inner\"><div class=\"wpb_wrapper\">\n\t<div class=\"wpb_text_column wpb_content_element\" >\n\t\t<div class=\"wpb_wrapper\">\n\t\t\t<h2 class=\"home-h2\" style=\"text-align: left;\"><strong>Unsere Zertifikate<\/strong><\/h2>\n<p>Unser Unternehmen setzt ein 6S-Management ein, das strikt befolgt wird, und wir sind bestrebt, qualitativ hochwertigen Service zu bieten. Dar\u00fcber hinaus verf\u00fcgen wir \u00fcber eine breite Palette internationaler Zertifizierungen, die unser Engagement f\u00fcr die Erreichung der h\u00f6chsten Standards in der Branche belegen.<\/p>\n<p><a class=\"discover-more\" href=\"\/de\/company\/our-certificate\/\"><span class=\"first\">Entdecken<\/span><span class=\"hides\"> Mehr<\/span><\/a><\/p>\n\n\t\t<\/div>\n\t<\/div>\n<\/div><\/div><\/div><\/div><div class=\"vc_row wpb_row vc_row-fluid company-part-two singular vc_row-o-content-middle vc_row-flex\"><div class=\"part-two-left wpb_column vc_column_container vc_col-sm-5\"><div class=\"vc_column-inner\"><div class=\"wpb_wrapper\">\n\t<div class=\"wpb_text_column wpb_content_element\" >\n\t\t<div class=\"wpb_wrapper\">\n\t\t\t<h2 class=\"home-h2\" style=\"text-align: left;\"><strong>Unsere Geschichte<\/strong><\/h2>\n<p>Seit \u00fcber anderthalb Jahrzehnten ist WEHO auf die Entwicklung langlebiger Industrienetzteile spezialisiert, die den Anforderungen anspruchsvoller Umgebungen gerecht werden. Durch unser umfangreiches Wissen und unsere Erfahrung in diesem Bereich bieten wir unseren Kunden erstklassigen Service mit einer Reihe kundenspezifischer, halbkundenspezifischer und serienm\u00e4\u00dfiger, hochzuverl\u00e4ssiger Stromversorgungsprodukte. Eine Investition in WEHO bedeutet eine Investition in branchenf\u00fchrende Innovationen.<\/p>\n<p><a class=\"discover-more\" href=\"\/de\/company\/our-history\/\"><span class=\"first\">Entdecken<\/span><span class=\"hides\"> Mehr<\/span><\/a><\/p>\n\n\t\t<\/div>\n\t<\/div>\n<\/div><\/div><\/div><div class=\"part-two-right wpb_column vc_column_container vc_col-sm-7\"><div class=\"vc_column-inner\"><div class=\"wpb_wrapper\">\n\t<div  class=\"wpb_single_image wpb_content_element vc_align_right wpb_content_element\">\n\t\t\n\t\t<figure class=\"wpb_wrapper vc_figure\">\n\t\t\t<div class=\"vc_single_image-wrapper   vc_box_border_grey\"><img loading=\"lazy\" decoding=\"async\" width=\"1200\" height=\"800\" src=\"https:\/\/i1.wp.com\/www.wehopower.com\/wp-content\/uploads\/2024\/08\/Factory.jpg?quality=85&strip=all\" class=\"vc_single_image-img attachment-full\" alt=\"\" title=\"{\" srcset=\"https:\/\/i1.wp.com\/www.wehopower.com\/wp-content\/uploads\/2024\/08\/Factory.jpg?quality=85&strip=all 1200w, https:\/\/i1.wp.com\/www.wehopower.com\/wp-content\/uploads\/2024\/08\/Factory-300x200.jpg?quality=85&strip=all 300w, https:\/\/i1.wp.com\/www.wehopower.com\/wp-content\/uploads\/2024\/08\/Factory-1024x683.jpg?quality=85&strip=all 1024w, https:\/\/i1.wp.com\/www.wehopower.com\/wp-content\/uploads\/2024\/08\/Factory-768x512.jpg?quality=85&strip=all 768w\" sizes=\"(max-width: 1200px) 100vw, 1200px\" style=\"width:100%;height:66.67%;max-width:1200px;\"><\/div>\n\t\t<\/figure>\n\t<\/div>\n<\/div><\/div><\/div><\/div><div class=\"vc_row wpb_row vc_row-fluid company-part-two even vc_row-o-content-middle vc_row-flex\"><div class=\"part-two-left wpb_column vc_column_container vc_col-sm-7\"><div class=\"vc_column-inner\"><div class=\"wpb_wrapper\">\n\t<div  class=\"wpb_single_image wpb_content_element vc_align_right wpb_content_element\">\n\t\t\n\t\t<figure class=\"wpb_wrapper vc_figure\">\n\t\t\t<div class=\"vc_single_image-wrapper   vc_box_border_grey\"><img loading=\"lazy\" decoding=\"async\" width=\"1200\" height=\"800\" src=\"https:\/\/i1.wp.com\/www.wehopower.com\/wp-content\/uploads\/2024\/08\/Automated-assembly-line.jpg?quality=85&strip=all\" class=\"vc_single_image-img attachment-full\" alt=\"\" title=\"Automatisierte Montagelinie\" srcset=\"https:\/\/i1.wp.com\/www.wehopower.com\/wp-content\/uploads\/2024\/08\/Automated-assembly-line.jpg?quality=85&strip=all 1200w, https:\/\/i1.wp.com\/www.wehopower.com\/wp-content\/uploads\/2024\/08\/Automated-assembly-line-300x200.jpg?quality=85&strip=all 300w, https:\/\/i1.wp.com\/www.wehopower.com\/wp-content\/uploads\/2024\/08\/Automated-assembly-line-1024x683.jpg?quality=85&strip=all 1024w, https:\/\/i1.wp.com\/www.wehopower.com\/wp-content\/uploads\/2024\/08\/Automated-assembly-line-768x512.jpg?quality=85&strip=all 768w\" sizes=\"(max-width: 1200px) 100vw, 1200px\" style=\"width:100%;height:66.67%;max-width:1200px;\"><\/div>\n\t\t<\/figure>\n\t<\/div>\n<\/div><\/div><\/div><div class=\"part-two-right wpb_column vc_column_container vc_col-sm-5\"><div class=\"vc_column-inner\"><div class=\"wpb_wrapper\">\n\t<div class=\"wpb_text_column wpb_content_element\" >\n\t\t<div class=\"wpb_wrapper\">\n\t\t\t<h2 class=\"home-h2\" style=\"text-align: left;\"><strong>Fabrik- und Produktionsausr\u00fcstung<\/strong><\/h2>\n<p>WEHO verf\u00fcgt \u00fcber ein starkes Team von \u00fcber 100 Mitarbeitern und basiert auf einem Kapital von 10 Millionen. Die Fabrik umfasst 6600 Quadratmeter und ist mit fortschrittlichen Instrumenten wie L\u00f6tmaschinen und umfassenden Transformatortestern ausgestattet. Um sicherzustellen, dass alle hergestellten Ergebnisse von h\u00f6chster Qualit\u00e4t sind, hat das Unternehmen erhebliche Kapitalinvestitionen get\u00e4tigt.<\/p>\n<p><a class=\"discover-more\" href=\"\/de\/company\/our-factory\/\"><span class=\"first\">Entdecken<\/span><span class=\"hides\"> Mehr<\/span><\/a><\/p>\n\n\t\t<\/div>\n\t<\/div>\n<\/div><\/div><\/div><\/div><div class=\"vc_row wpb_row vc_row-fluid company-part-two singular vc_row-o-content-middle vc_row-flex\"><div class=\"part-two-left wpb_column vc_column_container vc_col-sm-5\"><div class=\"vc_column-inner\"><div class=\"wpb_wrapper\">\n\t<div class=\"wpb_text_column wpb_content_element\" >\n\t\t<div class=\"wpb_wrapper\">\n\t\t\t<h2 class=\"home-h2\" style=\"text-align: left;\"><strong>Ausgezeichneter Service<\/strong><\/h2>\n<p>Der WEHO-Kundendienst ist f\u00fcr Sie da, um Ihnen bei allen Anliegen behilflich zu sein. Wir stehen Ihnen f\u00fcr Fragen zu ausstehenden Bestellungen, R\u00fcckgabebedingungen, Lieferzeiten und mehr zur Verf\u00fcgung. Unsere Produktionsanlagen bieten L\u00f6sungen, die auf die spezifischen Branchen unserer Kunden zugeschnitten sind. Egal welches Problem Sie haben, wir sind bereit, Ihnen zu helfen.<\/p>\n<p><a class=\"discover-more\" href=\"\/de\/company\/our-service\/\"><span class=\"first\">Entdecken<\/span><span class=\"hides\"> Mehr<\/span><\/a><\/p>\n\n\t\t<\/div>\n\t<\/div>\n<\/div><\/div><\/div><div class=\"part-two-right wpb_column vc_column_container vc_col-sm-7\"><div class=\"vc_column-inner\"><div class=\"wpb_wrapper\">\n\t<div  class=\"wpb_single_image wpb_content_element vc_align_right wpb_content_element\">\n\t\t\n\t\t<figure class=\"wpb_wrapper vc_figure\">\n\t\t\t<div class=\"vc_single_image-wrapper   vc_box_border_grey\"><img loading=\"lazy\" decoding=\"async\" width=\"2560\" height=\"1707\" src=\"https:\/\/i1.wp.com\/www.wehopower.com\/wp-content\/uploads\/2025\/09\/\u4f1a\u8bae\u5ba4-scaled.jpg?quality=85&strip=all\" class=\"vc_single_image-img attachment-full\" alt=\"\" title=\"\u4f1a\u8bae\u5ba4\" srcset=\"https:\/\/i1.wp.com\/www.wehopower.com\/wp-content\/uploads\/2025\/09\/\u4f1a\u8bae\u5ba4-scaled.jpg?quality=85&strip=all 2560w, https:\/\/i1.wp.com\/www.wehopower.com\/wp-content\/uploads\/2025\/09\/\u4f1a\u8bae\u5ba4-300x200.jpg?quality=85&strip=all 300w, https:\/\/i1.wp.com\/www.wehopower.com\/wp-content\/uploads\/2025\/09\/\u4f1a\u8bae\u5ba4-1024x683.jpg?quality=85&strip=all 1024w, https:\/\/i1.wp.com\/www.wehopower.com\/wp-content\/uploads\/2025\/09\/\u4f1a\u8bae\u5ba4-768x512.jpg?quality=85&strip=all 768w, https:\/\/i1.wp.com\/www.wehopower.com\/wp-content\/uploads\/2025\/09\/\u4f1a\u8bae\u5ba4-1536x1024.jpg?quality=85&strip=all 1536w\" sizes=\"(max-width: 2560px) 100vw, 2560px\" style=\"width:100%;height:66.68%;max-width:2560px;\"><\/div>\n\t\t<\/figure>\n\t<\/div>\n<\/div><\/div><\/div><\/div>\n<\/div>","protected":false},"excerpt":{"rendered":"Since 2007, Zhejiang WEHO Electronics Co., Ltd.\uff08ZHEJIANG WEIHAO ELECTRONIC CO., LTD\uff09 has been committed to providing the highest quality products, such as switching power supplies and LED drivers. Our logo \"WeHo\" is derived from the combination of \"we\" meaning \"you and us,\" and Ho being Chinese for best - effectively meaning we strive to provide&hellip; <a class=\"more-link\" href=\"https:\/\/www.wehopower.com\/de\/company\">Continue reading <span class=\"screen-reader-text\">Unternehmen<\/span><\/a>","protected":false},"author":1,"featured_media":0,"parent":0,"menu_order":0,"comment_status":"closed","ping_status":"closed","template":"page-company-new.php","meta":{"_acf_changed":false,"_joinchat":[],"footnotes":""},"class_list":["post-296","page","type-page","status-publish","hentry","entry"],"acf":[],"post_mailing_queue_ids":[],"_links":{"self":[{"href":"https:\/\/www.wehopower.com\/de\/wp-json\/wp\/v2\/pages\/296","targetHints":{"allow":["GET"]}}],"collection":[{"href":"https:\/\/www.wehopower.com\/de\/wp-json\/wp\/v2\/pages"}],"about":[{"href":"https:\/\/www.wehopower.com\/de\/wp-json\/wp\/v2\/types\/page"}],"author":[{"embeddable":true,"href":"https:\/\/www.wehopower.com\/de\/wp-json\/wp\/v2\/users\/1"}],"replies":[{"embeddable":true,"href":"https:\/\/www.wehopower.com\/de\/wp-json\/wp\/v2\/comments?post=296"}],"version-history":[{"count":0,"href":"https:\/\/www.wehopower.com\/de\/wp-json\/wp\/v2\/pages\/296\/revisions"}],"wp:attachment":[{"href":"https:\/\/www.wehopower.com\/de\/wp-json\/wp\/v2\/media?parent=296"}],"curies":[{"name":"wp","href":"https:\/\/api.w.org\/{rel}","templated":true}]}}