{"id":47,"date":"2021-09-02T02:25:29","date_gmt":"2021-09-02T02:25:29","guid":{"rendered":"https:\/\/www.wehopower.com\/?page_id=47"},"modified":"2025-05-13T15:15:56","modified_gmt":"2025-05-13T07:15:56","slug":"faq","status":"publish","type":"page","link":"https:\/\/www.wehopower.com\/de\/faq","title":{"rendered":"FAQ"},"content":{"rendered":"<div class=\"wpb-content-wrapper\"><div class=\"vc_row wpb_row vc_row-fluid\"><div class=\"wpb_column vc_column_container vc_col-sm-12\"><div class=\"vc_column-inner\"><div class=\"wpb_wrapper\">\n\t<div class=\"wpb_text_column wpb_content_element mb30\" >\n\t\t<div class=\"wpb_wrapper\">\n\t\t\t<p>Wenn Sie Fragen zu den Produkten von WEHO haben, lesen Sie bitte zuerst die FAQ. Wenn die aufgef\u00fchrten Antworten Ihre Probleme immer noch nicht l\u00f6sen k\u00f6nnen, kontaktieren Sie uns einfach oder senden Sie uns eine E-Mail. Wir werden Ihnen so schnell wie m\u00f6glich antworten, sobald wir Ihre Anfrage erhalten haben.<\/p>\n<p>Als engagierter Hersteller von Standard-Netzteilen bietet WEHO eine gro\u00dfe Auswahl an Netzteilen an, um den unterschiedlichen Anforderungen der M\u00e4rkte gerecht zu werden. Die Auswahl der richtigen Produkte h\u00e4ngt jedoch stark von den richtigen elektrischen Eigenschaften und Spezifikationen ab. Wir haben die h\u00e4ufig gestellten Fragen als Referenz aufgelistet.<\/p>\n\n\t\t<\/div>\n\t<\/div>\n<\/div><\/div><\/div><\/div><div class=\"vc_row wpb_row vc_row-fluid\"><div class=\"wpb_column vc_column_container vc_col-sm-12\"><div class=\"vc_column-inner\"><div class=\"wpb_wrapper\"><div  class=\"vc_do_toggle vc_toggle vc_toggle_simple vc_toggle_color_black  vc_toggle_size_lg vc_toggle_active\"><div class=\"vc_toggle_title\"><h4>1. F: Ist WEHO Hersteller oder Handelsunternehmen?<\/h4><i class=\"vc_toggle_icon\"><\/i><\/div><div class=\"vc_toggle_content\"><p>WEHO ist seit 17 Jahren Hersteller von Netzteilen von 10 W bis 18000 W. .<\/p>\n<\/div><\/div><div  class=\"vc_do_toggle vc_toggle vc_toggle_simple vc_toggle_color_black  vc_toggle_size_lg\"><div class=\"vc_toggle_title\"><h4>2: F: Wie viele Ausgangsspannungen kann WEHO liefern?<\/h4><i class=\"vc_toggle_icon\"><\/i><\/div><div class=\"vc_toggle_content\"><p>3V 5V 9V 12V 13,8V 15V 18V 24V 27V 36V 48V 60V 70V 72V 90V 110V 150V 220V Und so weiter. .<\/p>\n<\/div><\/div><div  class=\"vc_do_toggle vc_toggle vc_toggle_simple vc_toggle_color_black  vc_toggle_size_lg\"><div class=\"vc_toggle_title\"><h4>3: F: Wie viele kann das aktuelle WEHO liefern?<\/h4><i class=\"vc_toggle_icon\"><\/i><\/div><div class=\"vc_toggle_content\"><p>Von 0,5 A bis 750 A (maximale Leistung bis 18.000 W)<\/p>\n<\/div><\/div><div  class=\"vc_do_toggle vc_toggle vc_toggle_simple vc_toggle_color_black  vc_toggle_size_lg\"><div class=\"vc_toggle_title\"><h4>4: F: Wie w\u00e4hlt man ein WEHO-Netzteil aus?<\/h4><i class=\"vc_toggle_icon\"><\/i><\/div><div class=\"vc_toggle_content\"><p>Um die Zuverl\u00e4ssigkeit der Stromversorgung zu erh\u00f6hen, ,<br \/>\nWir empfehlen Benutzern, ein Ger\u00e4t zu w\u00e4hlen, dessen Nennleistung 30% mehr Leistung als tats\u00e4chlich ben\u00f6tigt.<br \/>\nWenn das System beispielsweise eine 100-W-Quelle ben\u00f6tigt, empfehlen wir Benutzern, ein Netzteil mit einer Ausgangsleistung von 130 W oder mehr zu w\u00e4hlen.<br \/>\nDadurch k\u00f6nnen Sie die Zuverl\u00e4ssigkeit der Stromversorgung Ihrer Anlage wirkungsvoll steigern.<br \/>\nWir m\u00fcssen auch die Umgebungstemperatur des Netzteils ber\u00fccksichtigen und ob eine zus\u00e4tzliche Vorrichtung zur W\u00e4rmeableitung vorhanden ist.<br \/>\nWenn das Netzteil in einer Umgebung mit hohen Temperaturen betrieben wird, m\u00fcssen wir die Ausgangsleistung etwas herabsetzen.<br \/>\nDie Derating-Kurve \u201cUmgebungstemperatur\u201d versus \u201cAusgangsleistung\u201d finden Sie in unseren Datenbl\u00e4ttern.<br \/>\nAuswahl der Funktionen basierend auf Ihrer Anwendung:<br \/>\nSchutzfunktion: \u00dcberspannungsschutz (OVP), \u00dcbertemperaturschutz (OVP), \u00dcberlastschutz (OLP) usw.<br \/>\nAnwendungsfunktion: Signalfunktion (Power Good, Power Fail), Fernbedienung, Fernerkundung usw.<br \/>\nSonderfunktion: Leistungsfaktorkorrektur (PFC), unterbrechungsfreie Stromversorgung (USV).<br \/>\nStellen Sie sicher, dass das Modell die von Ihnen ben\u00f6tigten Sicherheitsstandards und EMV-Vorschriften erf\u00fcllt.<\/p>\n<\/div><\/div><div  class=\"vc_do_toggle vc_toggle vc_toggle_simple vc_toggle_color_black  vc_toggle_size_lg\"><div class=\"vc_toggle_title\"><h4>5: F: Was ist die Mindestlastanforderung und wie kann ich sie der Spezifikation entnehmen?<\/h4><i class=\"vc_toggle_icon\"><\/i><\/div><div class=\"vc_toggle_content\"><p>F\u00fcr die Netzteile mit mehreren Ausg\u00e4ngen von WEHO gelten einige Mindestlastanforderungen. Bitte lesen Sie zuerst die Spezifikation, bevor Sie das Ger\u00e4t an die Last anschlie\u00dfen. Damit die Stromversorgung ordnungsgem\u00e4\u00df funktioniert, ist eine Mindestlast f\u00fcr jeden Ausgang erforderlich. Andernfalls ist der Ausgangsspannungspegel instabil oder liegt au\u00dferhalb des Toleranzbereichs. Bitte beachten Sie den \u201cStrombereich\u201d in der Spezifikation, wie in der folgenden Tabelle gezeigt: Kanal 1 erfordert eine Mindestlast von 2 A; Kanal 2 ben\u00f6tigt 0,5A; Kanal 3 ben\u00f6tigt 0,1A; Kanal4 ben\u00f6tigt keine Mindestlast.<\/p>\n<\/div><\/div><div  class=\"vc_do_toggle vc_toggle vc_toggle_simple vc_toggle_color_black  vc_toggle_size_lg\"><div class=\"vc_toggle_title\"><h4>6: F: Warum hat sich das Netzteil w\u00e4hrend des Betriebs abgeschaltet und nach dem Ausschalten kann ich das Netzteil wieder neu starten?<\/h4><i class=\"vc_toggle_icon\"><\/i><\/div><div class=\"vc_toggle_content\"><p>Im Allgemeinen gibt es zwei Umst\u00e4nde, die zum Abschalten der Stromversorgung f\u00fchren. Die erste M\u00f6glichkeit ist die Aktivierung des \u00dcberlastschutzes (OLP). Um mit dieser Situation umzugehen, schlagen wir vor, die Nennleistung der Ausgangsleistung zu erh\u00f6hen oder den OLP-Punkt zu \u00e4ndern. Die zweite M\u00f6glichkeit ist die Aktivierung des \u00dcbertemperaturschutzes (OTP), wenn die Innentemperatur den voreingestellten Wert erreicht. Alle diese Bedingungen erm\u00f6glichen es der S.P.S. Wechseln Sie in den Schutzmodus und fahren Sie herunter. Nach diesen Bedingungen sindentfernt, die S.P.S. wird wieder normal sein.<\/p>\n<\/div><\/div><div  class=\"vc_do_toggle vc_toggle vc_toggle_simple vc_toggle_color_black  vc_toggle_size_lg\"><div class=\"vc_toggle_title\"><h4>7: F: Was ist der Steuerungsmechanismus f\u00fcr K\u00fchlventilatoren?<\/h4><i class=\"vc_toggle_icon\"><\/i><\/div><div class=\"vc_toggle_content\"><p>K\u00fchlventilatoren haben im Vergleich zu anderen Komponenten der Stromversorgung eine relativ k\u00fcrzere Lebensdauer (typische MTTF, Mean Time To Failure, etwa 5.000\u2013100.000 Stunden). Dadurch kann eine \u00c4nderung der Betriebsweise der Ventilatoren zu einer Verl\u00e4ngerung der Betriebsstunden f\u00fchren. Die gebr\u00e4uchlichsten Steuerungsschemata sind unten aufgef\u00fchrt:<\/p>\n<p>Temperaturkontrolle: Wenn die von einem Temperatursensor erfasste Innentemperatur eines Netzteils \u00fcber dem Schwellenwert liegt, beginnt der L\u00fcfter mit voller Geschwindigkeit zu arbeiten. Wenn die Innentemperatur unter dem eingestellten Schwellenwert liegt, h\u00f6rt der L\u00fcfter auf zu arbeiten oder l\u00e4uft mit halber Geschwindigkeit. Dar\u00fcber hinaus werden K\u00fchlventilatoren in einigen Netzteilen durch eine nichtlineare Steuerungsmethode gesteuert, bei der die Ventilatorgeschwindigkeit bei unterschiedlichen Innentemperaturen synchron ge\u00e4ndert werden kann.<br \/>\nLastkontrolle: Wenn die Belastung eines Netzteils \u00fcber dem Schwellenwert liegt, beginnt der L\u00fcfter mit voller Geschwindigkeit zu arbeiten. Wenn die Belastung unter dem eingestellten Schwellenwert liegt, h\u00f6rt der L\u00fcfter auf zu arbeiten oder l\u00e4uft mit halber Geschwindigkeit.<\/p>\n<\/div><\/div><div  class=\"vc_do_toggle vc_toggle vc_toggle_simple vc_toggle_color_black  vc_toggle_size_lg\"><div class=\"vc_toggle_title\"><h4>8: F: Was ist \"Einschaltstrom\"? Was werden wir bemerken?<\/h4><i class=\"vc_toggle_icon\"><\/i><\/div><div class=\"vc_toggle_content\"><p>Auf der Eingangsseite liegt zum Zeitpunkt des Einschaltens ein gro\u00dfer Impulsstrom an (1\/2 ~ 1 Zyklus, z. B. 1\/120 ~ 1\/60 Sekunden f\u00fcr eine 60-Hz-Wechselstromquelle) (20 ~ 100 A basierend auf dem Design von S.P.S.) und kehrt dann zur normalen Nennleistung zur\u00fcck. Dieser \u201cEinschaltstrom\u201d erscheint jedes Mal, wenn Sie den Strom einschalten. Obwohl das Netzteil dadurch nicht besch\u00e4digt wird, empfehlen wir, das Netzteil nicht sehr schnell innerhalb kurzer Zeit ein-\/auszuschalten. Wenn au\u00dferdem mehrere Netzteile gleichzeitig eingeschaltet sind, wird das Dispatching-System aktiviertAufgrund des enormen Einschaltstroms kann die Wechselstromquelle abschalten und in den Schutzmodus wechseln. Es wird empfohlen, diese Netzteile einzeln zu starten oder die Fernbedienungsfunktion von S.P.S. zu verwenden. um sie ein-\/auszuschalten.<\/p>\n<\/div><\/div><div  class=\"vc_do_toggle vc_toggle vc_toggle_simple vc_toggle_color_black  vc_toggle_size_lg\"><div class=\"vc_toggle_title\"><h4>9: F: Was ist der Unterschied zwischen -V und COM, die auf der Ausgangsseite markiert sind?<\/h4><i class=\"vc_toggle_icon\"><\/i><\/div><div class=\"vc_toggle_content\"><p>COM (COMMON) bedeutet Gemeinsamkeit. Bitte sehen Sie unten:<br \/>\nEinzelausgang: Pluspol (+V), Minuspol (-V)<br \/>\nMehrfachausgang (gemeinsame Masse): Pluspol (+V1, +V2,.), Minuspol (COM)<\/p>\n<\/div><\/div><div  class=\"vc_do_toggle vc_toggle vc_toggle_simple vc_toggle_color_black  vc_toggle_size_lg\"><div class=\"vc_toggle_title\"><h4>10: F: Im WEHO-Katalog sehen wir AC und DC am Eingang. Worum geht es?<\/h4><i class=\"vc_toggle_icon\"><\/i><\/div><div class=\"vc_toggle_content\"><p>Aufgrund unterschiedlicher Schaltungsdesigns besteht der Eingang des WEHO-Netzteils aus den folgenden drei Typen:<br \/>\n(VAC\u2252VDC)<br \/>\na.85~264VAC;120~370VDC<br \/>\nb.176~264VAC;250~370VDC<br \/>\nca. 85~132VAC\/176~264VAC \u00fcber Schalter; 250~370 VDC<\/p>\n<p>Bei den Modellen mit A- und B-Eingang funktioniert die Stromversorgung unabh\u00e4ngig vom AC- oder DC-Eingang einwandfrei. Bei einigen Modellen ist eine korrekte Verbindung der Eingangspole erforderlich. Der Pluspol wird an AC\/L angeschlossen. Minuspol verbindet sich mit AC\/N. Andere erfordern m\u00f6glicherweise einen umgekehrten Anschluss, Pluspol zu AC\/N; Minuspol an AC\/L. Wenn Kunden einen falschen Anschluss vornehmen, wird die Stromversorgung nicht unterbrochen. Sie k\u00f6nnen einfach die Eingangspole vertauschen und die Stromversorgung funktioniert weiterhin.<br \/>\nBitte achten Sie bei Modellen mit C-Eingang darauf, dass Sie den 115\/230-V-Eingang richtig umschalten. Wenn sich der Schalter auf der 115-V-Seite befindet und der tats\u00e4chliche Eingang 230 V betr\u00e4gt, wird das Netzteil besch\u00e4digt.<\/p>\n<\/div><\/div><div  class=\"vc_do_toggle vc_toggle vc_toggle_simple vc_toggle_color_black  vc_toggle_size_lg\"><div class=\"vc_toggle_title\"><h4>11: F: Was sind Power-Good- und Power-Fail-Signale und wie k\u00f6nnen sie verwendet werden?<\/h4><i class=\"vc_toggle_icon\"><\/i><\/div><div class=\"vc_toggle_content\"><p>Einige Netzteile geben beim Einschalten ein \u201cPower Good\u201d-Signal aus und senden beim Ausschalten ein \u201dPower Fail\u201d-Signal. Dies wird \u00fcblicherweise zu \u00dcberwachungs- und Kontrollzwecken verwendet.<br \/>\nPower Good: Nachdem der Ausgang eines Netzteils die Nennspannung 90% erreicht, wird innerhalb der n\u00e4chsten 10\u2013500 ms ein TTL-Signal (ca. 5 V) gesendet.<br \/>\nStromausfall: Bevor der Ausgang eines Netzteils die Nennspannung des 90% unterschreitet, wird das Power-Good-Signal mindestens 1 ms im Voraus ausgeschaltet.<\/p>\n<\/div><\/div><div  class=\"vc_do_toggle vc_toggle vc_toggle_simple vc_toggle_color_black  vc_toggle_size_lg\"><div class=\"vc_toggle_title\"><h4>12: F: Welche Schutzformen gibt es bei \u00dcberlast\/\u00dcberstrom?<\/h4><i class=\"vc_toggle_icon\"><\/i><\/div><div class=\"vc_toggle_content\"><p>Wenn der aufgenommene Strom die Nennleistung des Netzteils \u00fcberschreitet, wird die Schutzschaltung ausgel\u00f6st, um das Ger\u00e4t vor \u00dcberlastung\/\u00dcberstrom zu sch\u00fctzen.<br \/>\nSchutzma\u00dfnahmen gegen \u00dcberlastung\/\u00dcberstrom k\u00f6nnen in verschiedene Formen unterteilt werden:<br \/>\n(1) FOLDBACK-STROMBEGRENZUNG<br \/>\nDer Ausgangsstrom verringert sich um etwa 20% des Nennstroms, wie in der folgenden Abbildung als Kurve (a) dargestellt.<br \/>\n(2)KONSTANTSTROMBEGRENZUNG<br \/>\nDer Ausgangsstrom bleibt auf einem konstanten Niveau und innerhalb des angegebenen Bereichs, w\u00e4hrend die Ausgangsspannung auf ein niedrigeres Niveau abf\u00e4llt, dargestellt als Kurve (b) in der Abbildung unten.<br \/>\n(3) \u00dcBERLEISTUNGSBEGRENZUNG<br \/>\nDie Ausgangsleistung bleibt konstant. Mit zunehmender Ausgangslast nimmt die Ausgangsspannung proportional ab, wie in der folgenden Abbildung als Kurve (c) dargestellt.<br \/>\n(4) HCCUP-STROMBEGRENZUNG<br \/>\nAusgangsspannung und -strom pulsieren wiederholt EIN und AUS, wenn der Schutz aktiviert ist. Das Ger\u00e4t wird automatisch wiederhergestellt, wenn der fehlerhafte Zustand behoben wird.<br \/>\n(5) AUSSCHALTEN<br \/>\nAusgangsspannung und -strom werden abgeschaltet, wenn die Ausgangslast den Schutzbereich erreicht.<br \/>\nHINWEIS: Der Schutzmodus einiger Produkte wird mit verschiedenen Arten der genannten Formen kombiniert, z. B. Konstantstrombegrenzung + Abschaltung.<\/p>\n<p>Wiederherstellungsmethode:<br \/>\n(1) Automatische Wiederherstellung: Das Netzteil wird automatisch wiederhergestellt, nachdem der fehlerhafte Zustand behoben wurde.<br \/>\n(2)Wiedereinschalten: Das Netzteil startet durch manuelles Wiedereinschalten mit Wechselstrom neu, nachdem der fehlerhafte Zustand behoben wurde.<br \/>\nHinweis: Bitte betreiben Sie das Netzteil nicht \u00fcber einen l\u00e4ngeren Zeitraum im \u00dcberstrom- oder Kurzschlusszustand, um eine Verk\u00fcrzung der Lebensdauer oder eine Besch\u00e4digung des Netzteils zu verhindern.<\/p>\n<\/div><\/div><div  class=\"vc_do_toggle vc_toggle vc_toggle_simple vc_toggle_color_black  vc_toggle_size_lg\"><div class=\"vc_toggle_title\"><h4>13: F: Was ist der Unterschied zwischen einstufiger und zweistufiger Stromversorgung?<\/h4><i class=\"vc_toggle_icon\"><\/i><\/div><div class=\"vc_toggle_content\"><p>Es gibt zwei Arten von Leistungsfaktorkorrekturschaltungen; einer ist einstufig und der andere ist zweistufig. Einstufige Stromversorgungen vereinen die Funktionen der Leistungsfaktorkorrektur und des Wandlers in einem Schaltkreis, w\u00e4hrend zweistufige Stromversorgungen zwei separate Schaltkreise verwenden. Im Vergleich zum einstufigen Design ist das zweistufige Design komplexer und kostspieliger, aber die Immunit\u00e4tsleistung des zweistufigen Netzteils gegen\u00fcber dem Wechselstromnetz ist viel besser als die des einstufigen Netzteils. Dar\u00fcber hinaus weist Two Stage eine bessere Leistung bei Ripple Noises bei der Ausgabe auf.Aus diesem Grund eignet sich Single Stage nur f\u00fcr Bereiche mit hochwertigem Wechselstromnetz, Two Stage kann jedoch unter schwierigen Bedingungen f\u00fcr LED-Treiber oder als industrielle Schaltnetzteile verwendet werden.<\/p>\n<\/div><\/div><div  class=\"vc_do_toggle vc_toggle vc_toggle_simple vc_toggle_color_black  vc_toggle_size_lg\"><div class=\"vc_toggle_title\"><h4>14: F: F\u00fcr welche Anwendung wird das Netzteil verwendet?<\/h4><i class=\"vc_toggle_icon\"><\/i><\/div><div class=\"vc_toggle_content\"><p>industrielle Automatisierungssteuerung, milit\u00e4rische Ausr\u00fcstung<br \/>\nwissenschaftliche Forschungsger\u00e4te, LED-Beleuchtung, industrielle Steuerungsger\u00e4te<br \/>\nKommunikationsausr\u00fcstung, Energieausr\u00fcstung, Instrumentierung, medizinische Ausr\u00fcstung<br \/>\nHalbleiterk\u00fchlung und -heizung, Luftreiniger, elektronischer K\u00fchlschrank<br \/>\nFl\u00fcssigkristallanzeige, LED-Lampen, Kommunikationsger\u00e4te<br \/>\naudiovisuelle Produkte, Sicherheits\u00fcberwachung, LED-Lampeng\u00fcrtel<br \/>\nComputergeh\u00e4use, digitale Produkte und so weiter. Instrumente und andere Bereiche.<\/p>\n<\/div><\/div><div  class=\"vc_do_toggle vc_toggle vc_toggle_simple vc_toggle_color_black  vc_toggle_size_lg\"><div class=\"vc_toggle_title\"><h4>15: F: Wie steht es mit der Qualit\u00e4t?<\/h4><i class=\"vc_toggle_icon\"><\/i><\/div><div class=\"vc_toggle_content\"><p>a.Zwei Jahre Garantie f\u00fcr jedes Schaltnetzteil<\/p>\n<p>b. Eine strenge Qualit\u00e4tskontrolle vor dem Versand<\/p>\n<p>C. Sto\u00dfsichere und hochwertige Blisterverpackung, um den Artikel vor Besch\u00e4digungen w\u00e4hrend des Versands zu sch\u00fctzen<\/p>\n<\/div><\/div><div  class=\"vc_do_toggle vc_toggle vc_toggle_simple vc_toggle_color_black  vc_toggle_size_lg\"><div class=\"vc_toggle_title\"><h4>16: F: Die Produktionsausr\u00fcstung<\/h4><i class=\"vc_toggle_icon\"><\/i><\/div><div class=\"vc_toggle_content\"><p>Wellenl\u00f6tmaschine, automatische Einf\u00fcgungsmaschine, Hoch- und Niedertemperatur-W\u00e4rmekammer, EMI-Tester-Empf\u00e4nger, Leckstromtester, umfassender Leistungstester, ,<br \/>\nSpannungspr\u00fcfer, Alterungspr\u00fcfer, Widerstandspr\u00fcfer, automatische Doppelfl\u00fcssigklebemaschine, Schrumpfverpackungsmaschine, Verpackungsbandmaschine. .<\/p>\n<\/div><\/div><div  class=\"vc_do_toggle vc_toggle vc_toggle_simple vc_toggle_color_black  vc_toggle_size_lg\"><div class=\"vc_toggle_title\"><h4>17: F: Wie w\u00e4re es mit OEM und ODM? .<\/h4><i class=\"vc_toggle_icon\"><\/i><\/div><div class=\"vc_toggle_content\"><p>ODM-Design und OEM-Verpackung willkommen<\/p>\n<\/div><\/div><div  class=\"vc_do_toggle vc_toggle vc_toggle_simple vc_toggle_color_black  vc_toggle_size_lg\"><div class=\"vc_toggle_title\"><h4>18: F: Wie w\u00e4re es mit der Vorlaufzeit? .<\/h4><i class=\"vc_toggle_icon\"><\/i><\/div><div class=\"vc_toggle_content\"><p>a.MOQ: Wir unterst\u00fctzen Musterbestellungen. (1~5 St\u00fcck) innerhalb von 3 Tagen<\/p>\n<p>b. Bei mehr als 500 St\u00fcck betr\u00e4gt die Vorlaufzeit 10-15 Tage<\/p>\n<p>C. Mehr als 5000 St\u00fcck, die Vorlaufzeit betr\u00e4gt 22\u201330 Tage<\/p>\n<\/div><\/div><div  class=\"vc_do_toggle vc_toggle vc_toggle_simple vc_toggle_color_black  vc_toggle_size_lg\"><div class=\"vc_toggle_title\"><h4>19: F: Wie w\u00e4re es mit der Versandart?<\/h4><i class=\"vc_toggle_icon\"><\/i><\/div><div class=\"vc_toggle_content\"><p>Wir versenden in der Regel per DHL, UPS, FedEx oder TNT. Normalerweise dauert es 3-5 Tage, bis es ankommt. Auch Flug- und Seetransport m\u00f6glich.<\/p>\n<\/div><\/div><div  class=\"vc_do_toggle vc_toggle vc_toggle_simple vc_toggle_color_black  vc_toggle_size_lg\"><div class=\"vc_toggle_title\"><h4>20: F: Wie bezahle ich?<\/h4><i class=\"vc_toggle_icon\"><\/i><\/div><div class=\"vc_toggle_content\"><p>F\u00fcr den Komfort unserer Kunden akzeptieren wir die folgenden Zahlungsmethoden:<\/p>\n<p>Paypal<br \/>\nKreditkarte (\u00fcber PayPal oder Alibaba)<br \/>\nBank\u00fcberweisung (regul\u00e4re Bank\u00fcberweisung)<br \/>\nL\/C D\/A D\/P O\/A<\/p>\n<\/div><\/div><div  class=\"vc_do_toggle vc_toggle vc_toggle_simple vc_toggle_color_black  vc_toggle_size_lg\"><div class=\"vc_toggle_title\"><h4>21: F: K\u00f6nnen wir Ihr Vertriebspartner sein?<\/h4><i class=\"vc_toggle_icon\"><\/i><\/div><div class=\"vc_toggle_content\"><p>Ja, wenn Ihr Jahresumsatz viel h\u00f6her ist als der unserer anderen Kunden in Ihrem Markt, k\u00f6nnen Sie unser Vertriebspartner werden<\/p>\n<\/div><\/div><div  class=\"vc_do_toggle vc_toggle vc_toggle_simple vc_toggle_color_black  vc_toggle_size_lg\"><div class=\"vc_toggle_title\"><h4>22: F: Wie kann ich Sie kontaktieren?<\/h4><i class=\"vc_toggle_icon\"><\/i><\/div><div class=\"vc_toggle_content\"><p>Tel.:86-577-61777088 Fax:86-577-61777072 Skype:Chnwh005<br \/>\nEmail:weho@chnwh.com\u00a0Whatsapp:86-15869492061<\/p>\n<\/div><\/div><\/div><\/div><\/div><\/div>\n<\/div>","protected":false},"excerpt":{"rendered":"If you have questions on WEHO\u2019s products, please read the FAQ first. If the listed answers still cannot solve your problems, ease contact us or mail us , We would reply to you as soon as received your request. As a dedicated manufacturer of standard power supplies, WEHO provides a wide variety of power supplies&hellip; <a class=\"more-link\" href=\"https:\/\/www.wehopower.com\/de\/faq\">Continue reading <span class=\"screen-reader-text\">FAQ<\/span><\/a>","protected":false},"author":1,"featured_media":0,"parent":0,"menu_order":0,"comment_status":"closed","ping_status":"closed","template":"page-faq.php","meta":{"_acf_changed":false,"_joinchat":[],"footnotes":""},"class_list":["post-47","page","type-page","status-publish","hentry","entry"],"acf":[],"post_mailing_queue_ids":[],"_links":{"self":[{"href":"https:\/\/www.wehopower.com\/de\/wp-json\/wp\/v2\/pages\/47","targetHints":{"allow":["GET"]}}],"collection":[{"href":"https:\/\/www.wehopower.com\/de\/wp-json\/wp\/v2\/pages"}],"about":[{"href":"https:\/\/www.wehopower.com\/de\/wp-json\/wp\/v2\/types\/page"}],"author":[{"embeddable":true,"href":"https:\/\/www.wehopower.com\/de\/wp-json\/wp\/v2\/users\/1"}],"replies":[{"embeddable":true,"href":"https:\/\/www.wehopower.com\/de\/wp-json\/wp\/v2\/comments?post=47"}],"version-history":[{"count":0,"href":"https:\/\/www.wehopower.com\/de\/wp-json\/wp\/v2\/pages\/47\/revisions"}],"wp:attachment":[{"href":"https:\/\/www.wehopower.com\/de\/wp-json\/wp\/v2\/media?parent=47"}],"curies":[{"name":"wp","href":"https:\/\/api.w.org\/{rel}","templated":true}]}}