{"id":302,"date":"2021-09-22T02:26:45","date_gmt":"2021-09-22T02:26:45","guid":{"rendered":"https:\/\/www.wehopower.com\/?page_id=302"},"modified":"2024-05-06T08:06:53","modified_gmt":"2024-05-06T08:06:53","slug":"our-service","status":"publish","type":"page","link":"https:\/\/www.wehopower.com\/es\/company\/our-service","title":{"rendered":"Nuestro Servicio"},"content":{"rendered":"<div class=\"wpb-content-wrapper\"><div class=\"vc_row wpb_row vc_row-fluid service-part-one\"><div class=\"wpb_column vc_column_container vc_col-sm-12\"><div class=\"vc_column-inner\"><div class=\"wpb_wrapper\">\n\t<div class=\"wpb_text_column wpb_content_element\" >\n\t\t<div class=\"wpb_wrapper\">\n\t\t\t<h2 class=\"home-h2\" style=\"text-align: center;\">Nuestro compromiso con los clientes<\/h2>\n\n\t\t<\/div>\n\t<\/div>\n<div class=\"vc_row wpb_row vc_inner vc_row-fluid\"><div class=\"service-one-list wpb_column vc_column_container vc_col-sm-4\"><div class=\"vc_column-inner\"><div class=\"wpb_wrapper\">\n\t<div class=\"wpb_text_column wpb_content_element\" >\n\t\t<div class=\"wpb_wrapper\">\n\t\t\t<h3><i class=\"fa fa-check-circle\" aria-hidden=\"true\"><\/i> 7-14 d\u00edas de servicio de entrega<\/h3>\n<p>WEHO ha obtenido todas las certificaciones reconocidas internacionalmente, incluido el sistema de gesti\u00f3n de calidad, TUV, CE, PSE, KC, ROHS y UL. Mantenemos un inventario extenso de 1000 productos diferentes y nos dedicamos a brindar un servicio de entrega de 7 a 14 d\u00edas para nuestras fuentes de alimentaci\u00f3n est\u00e1ndar.<\/p>\n\n\t\t<\/div>\n\t<\/div>\n<\/div><\/div><\/div><div class=\"service-one-list wpb_column vc_column_container vc_col-sm-4\"><div class=\"vc_column-inner\"><div class=\"wpb_wrapper\">\n\t<div class=\"wpb_text_column wpb_content_element\" >\n\t\t<div class=\"wpb_wrapper\">\n\t\t\t<h3><i class=\"fa fa-check-circle\" aria-hidden=\"true\"><\/i> Muestra gratis<\/h3>\n<p>Ofrecemos muestras gratuitas para nuestros clientes potenciales. Esto les permite probar nuestros productos y ver si les gustan antes de realizar la compra. Creemos que esta es la mejor manera de mostrar a nuestros clientes potenciales la calidad de nuestros productos.<\/p>\n\n\t\t<\/div>\n\t<\/div>\n<\/div><\/div><\/div><div class=\"service-one-list wpb_column vc_column_container vc_col-sm-4\"><div class=\"vc_column-inner\"><div class=\"wpb_wrapper\">\n\t<div class=\"wpb_text_column wpb_content_element\" >\n\t\t<div class=\"wpb_wrapper\">\n\t\t\t<h3><i class=\"fa fa-check-circle\" aria-hidden=\"true\"><\/i> 2 a\u00f1os de garant\u00eda<\/h3>\n<p>Para las fuentes de alimentaci\u00f3n WEHO, ofrecemos una garant\u00eda est\u00e1ndar seg\u00fan las especificaciones indicadas en la hoja de datos. Si se produce alg\u00fan da\u00f1o dentro de este per\u00edodo, WEHO cubrir\u00e1 cualquier cargo de reparaci\u00f3n o reemplazo. Tenga en cuenta que si la garant\u00eda ha expirado, es posible que haya un cargo asociado con las reparaciones (seg\u00fan el estado del producto).<\/p>\n\n\t\t<\/div>\n\t<\/div>\n<\/div><\/div><\/div><\/div><\/div><\/div><\/div><\/div>\n<\/div>","protected":false},"excerpt":{"rendered":"Our Commitment to Customers 7-14 Days of Delivery Service WEHO has achieved all the internationally recognized certifications, including quality management system, TUV, CE, PSE, KC, ROHS and UL. We maintain an extensive inventory of 1000 different products and are dedicated to providing a 7-14 day delivery service for our standard power supplies. Free Sample We&hellip; <a class=\"more-link\" href=\"https:\/\/www.wehopower.com\/es\/company\/our-service\">Continuar leyendo <span class=\"screen-reader-text\">Nuestro Servicio<\/span><\/a>","protected":false},"author":1,"featured_media":0,"parent":296,"menu_order":0,"comment_status":"closed","ping_status":"closed","template":"page-team-new.php","meta":{"_acf_changed":false,"_joinchat":[],"footnotes":""},"class_list":["post-302","page","type-page","status-publish","hentry","entry"],"acf":[],"post_mailing_queue_ids":[],"_links":{"self":[{"href":"https:\/\/www.wehopower.com\/es\/wp-json\/wp\/v2\/pages\/302","targetHints":{"allow":["GET"]}}],"collection":[{"href":"https:\/\/www.wehopower.com\/es\/wp-json\/wp\/v2\/pages"}],"about":[{"href":"https:\/\/www.wehopower.com\/es\/wp-json\/wp\/v2\/types\/page"}],"author":[{"embeddable":true,"href":"https:\/\/www.wehopower.com\/es\/wp-json\/wp\/v2\/users\/1"}],"replies":[{"embeddable":true,"href":"https:\/\/www.wehopower.com\/es\/wp-json\/wp\/v2\/comments?post=302"}],"version-history":[{"count":0,"href":"https:\/\/www.wehopower.com\/es\/wp-json\/wp\/v2\/pages\/302\/revisions"}],"up":[{"embeddable":true,"href":"https:\/\/www.wehopower.com\/es\/wp-json\/wp\/v2\/pages\/296"}],"wp:attachment":[{"href":"https:\/\/www.wehopower.com\/es\/wp-json\/wp\/v2\/media?parent=302"}],"curies":[{"name":"wp","href":"https:\/\/api.w.org\/{rel}","templated":true}]}}