{"id":53,"date":"2021-09-02T02:27:37","date_gmt":"2021-09-02T02:27:37","guid":{"rendered":"https:\/\/www.wehopower.com\/?page_id=53"},"modified":"2021-12-31T03:26:21","modified_gmt":"2021-12-31T03:26:21","slug":"solution","status":"publish","type":"page","link":"https:\/\/www.wehopower.com\/es\/solution","title":{"rendered":"Soluci\u00f3n"},"content":{"rendered":"<p>ZHEJIANG WEIHAO ELECTRONIC CO.,LTD se fund\u00f3 en 2007, un compromiso a largo plazo con el suministro de energ\u00eda conmutada, el controlador LED y el desarrollo, producci\u00f3n y venta de otros nuevos productos energ\u00e9ticos. Centr\u00e1ndose en el mercado SMPS est\u00e1ndar, WEHO ofrece m\u00e1s de 1000 modelos de productos de fuente de alimentaci\u00f3n est\u00e1ndar para proporcionar soluciones de energ\u00eda para todo tipo de aplicaciones.<\/p>","protected":false},"excerpt":{"rendered":"<p>ZHEJIANG WEIHAO ELECTRONIC CO.,LTD se fund\u00f3 en 2007, un compromiso a largo plazo con el suministro de energ\u00eda conmutada, el controlador LED y el desarrollo, producci\u00f3n y venta de otros nuevos productos energ\u00e9ticos. Centr\u00e1ndose en el mercado SMPS est\u00e1ndar, WEHO ofrece m\u00e1s de 1000 modelos de productos de fuente de alimentaci\u00f3n est\u00e1ndar para proporcionar soluciones de energ\u00eda para todo tipo de aplicaciones.<\/p>","protected":false},"author":1,"featured_media":0,"parent":0,"menu_order":0,"comment_status":"closed","ping_status":"closed","template":"page-solution.php","meta":{"_acf_changed":false,"_joinchat":[],"footnotes":""},"class_list":["post-53","page","type-page","status-publish","hentry","entry"],"acf":[],"post_mailing_queue_ids":[],"_links":{"self":[{"href":"https:\/\/www.wehopower.com\/es\/wp-json\/wp\/v2\/pages\/53","targetHints":{"allow":["GET"]}}],"collection":[{"href":"https:\/\/www.wehopower.com\/es\/wp-json\/wp\/v2\/pages"}],"about":[{"href":"https:\/\/www.wehopower.com\/es\/wp-json\/wp\/v2\/types\/page"}],"author":[{"embeddable":true,"href":"https:\/\/www.wehopower.com\/es\/wp-json\/wp\/v2\/users\/1"}],"replies":[{"embeddable":true,"href":"https:\/\/www.wehopower.com\/es\/wp-json\/wp\/v2\/comments?post=53"}],"version-history":[{"count":0,"href":"https:\/\/www.wehopower.com\/es\/wp-json\/wp\/v2\/pages\/53\/revisions"}],"wp:attachment":[{"href":"https:\/\/www.wehopower.com\/es\/wp-json\/wp\/v2\/media?parent=53"}],"curies":[{"name":"wp","href":"https:\/\/api.w.org\/{rel}","templated":true}]}}