{"id":47,"date":"2021-09-02T02:25:29","date_gmt":"2021-09-02T02:25:29","guid":{"rendered":"https:\/\/www.wehopower.com\/?page_id=47"},"modified":"2025-05-13T15:15:56","modified_gmt":"2025-05-13T07:15:56","slug":"faq","status":"publish","type":"page","link":"https:\/\/www.wehopower.com\/fr\/faq","title":{"rendered":"FAQ"},"content":{"rendered":"<div class=\"wpb-content-wrapper\"><div class=\"vc_row wpb_row vc_row-fluid\"><div class=\"wpb_column vc_column_container vc_col-sm-12\"><div class=\"vc_column-inner\"><div class=\"wpb_wrapper\">\n\t<div class=\"wpb_text_column wpb_content_element mb30\" >\n\t\t<div class=\"wpb_wrapper\">\n\t\t\t<p>Si vous avez des questions sur les produits WEHO, veuillez d'abord lire la FAQ. Si les r\u00e9ponses r\u00e9pertori\u00e9es ne parviennent toujours pas \u00e0 r\u00e9soudre vos probl\u00e8mes, contactez-nous ou envoyez-nous un e-mail. Nous vous r\u00e9pondrons d\u00e8s r\u00e9ception de votre demande.<\/p>\n<p>En tant que fabricant d\u00e9di\u00e9 d'alimentations standard, WEHO propose une grande vari\u00e9t\u00e9 d'alimentations pour r\u00e9pondre aux diff\u00e9rentes demandes des march\u00e9s. Cependant, la s\u00e9lection des bons produits repose en grande partie sur les caract\u00e9ristiques et sp\u00e9cifications \u00e9lectriques correctes. Nous avons r\u00e9pertori\u00e9 les questions fr\u00e9quemment pos\u00e9es pour votre r\u00e9f\u00e9rence.<\/p>\n\n\t\t<\/div>\n\t<\/div>\n<\/div><\/div><\/div><\/div><div class=\"vc_row wpb_row vc_row-fluid\"><div class=\"wpb_column vc_column_container vc_col-sm-12\"><div class=\"vc_column-inner\"><div class=\"wpb_wrapper\"><div  class=\"vc_do_toggle vc_toggle vc_toggle_simple vc_toggle_color_black  vc_toggle_size_lg vc_toggle_active\"><div class=\"vc_toggle_title\"><h4>1. Q : WEHO est-il un fabricant ou une soci\u00e9t\u00e9 commerciale ?<\/h4><i class=\"vc_toggle_icon\"><\/i><\/div><div class=\"vc_toggle_content\"><p>WEHO est fabricant d'alimentation depuis 17 ans, de 10w \u00e0 18000w. .<\/p>\n<\/div><\/div><div  class=\"vc_do_toggle vc_toggle vc_toggle_simple vc_toggle_color_black  vc_toggle_size_lg\"><div class=\"vc_toggle_title\"><h4>2\u00a0:\u00a0Q\u00a0:\u00a0Combien de tension de sortie WEHO peut-il fournir\u00a0?<\/h4><i class=\"vc_toggle_icon\"><\/i><\/div><div class=\"vc_toggle_content\"><p>3V 5V 9V 12V 13.8V 15V 18V 24V 27V 36V 48V 60V 70V 72V 90V 110V 150V 220V Et ainsi de suite. .<\/p>\n<\/div><\/div><div  class=\"vc_do_toggle vc_toggle vc_toggle_simple vc_toggle_color_black  vc_toggle_size_lg\"><div class=\"vc_toggle_title\"><h4>3\u00a0: Q\u00a0: Combien le WEHO actuel peut-il fournir\u00a0?<\/h4><i class=\"vc_toggle_icon\"><\/i><\/div><div class=\"vc_toggle_content\"><p>De 0,5A \u00e0 750A (Puissance maximale \u00e0 18000w)<\/p>\n<\/div><\/div><div  class=\"vc_do_toggle vc_toggle vc_toggle_simple vc_toggle_color_black  vc_toggle_size_lg\"><div class=\"vc_toggle_title\"><h4>4 : Q : Comment choisir une alimentation WEHO ?<\/h4><i class=\"vc_toggle_icon\"><\/i><\/div><div class=\"vc_toggle_content\"><p>Pour augmenter la fiabilit\u00e9 de l'alimentation \u00e9lectrique, ,<br \/>\nnous sugg\u00e9rons aux utilisateurs de choisir une unit\u00e9 dot\u00e9e d'une puissance nominale de 30% sup\u00e9rieure \u00e0 celle dont ils ont r\u00e9ellement besoin.<br \/>\nPar exemple, si le syst\u00e8me n\u00e9cessite une source de 100 W, nous sugg\u00e9rons aux utilisateurs de choisir une alimentation avec une puissance de sortie de 130 W ou plus.<br \/>\nEn faisant cela, vous pouvez augmenter efficacement la fiabilit\u00e9 de l\u2019alimentation \u00e9lectrique de votre syst\u00e8me.<br \/>\nNous devons \u00e9galement prendre en compte la temp\u00e9rature ambiante de l'alimentation \u00e9lectrique et savoir s'il existe un dispositif suppl\u00e9mentaire pour dissiper la chaleur.<br \/>\nSi l'alimentation fonctionne dans un environnement \u00e0 haute temp\u00e9rature, nous devons proc\u00e9der \u00e0 un d\u00e9classement de la puissance de sortie.<br \/>\nLa courbe de d\u00e9classement de la \u201c temp\u00e9rature ambiante \u201d par rapport \u00e0 la \u201c puissance de sortie \u201d se trouve sur nos fiches techniques.<br \/>\nChoisir des fonctions en fonction de votre application :<br \/>\nFonction de protection\u00a0: protection contre les surtensions (OVP), protection contre les surchauffes (OVP), protection contre les surcharges (OLP), etc.<br \/>\nFonction d'application\u00a0: fonction de signalisation (alimentation bonne, panne de courant), t\u00e9l\u00e9commande, t\u00e9l\u00e9d\u00e9tection, etc.<br \/>\nFonction sp\u00e9ciale : correction du facteur de puissance (PFC), fonction d'alimentation sans interruption (UPS).<br \/>\nAssurez-vous que le mod\u00e8le est conforme aux normes de s\u00e9curit\u00e9 et aux r\u00e9glementations CEM dont vous avez besoin.<\/p>\n<\/div><\/div><div  class=\"vc_do_toggle vc_toggle vc_toggle_simple vc_toggle_color_black  vc_toggle_size_lg\"><div class=\"vc_toggle_title\"><h4>5\u00a0:\u00a0Q\u00a0: Quelle est la charge minimale requise et comment puis-je la lire \u00e0 partir des sp\u00e9cifications\u00a0?<\/h4><i class=\"vc_toggle_icon\"><\/i><\/div><div class=\"vc_toggle_content\"><p>Il existe certaines exigences de charge minimale sur les alimentations multi-sorties de WEHO. Veuillez d'abord lire les sp\u00e9cifications avant de vous connecter \u00e0 la charge. Afin de permettre \u00e0 l'alimentation de fonctionner correctement, une charge minimale pour chaque sortie est requise, sinon le niveau de tension de sortie sera instable ou hors de la plage de tol\u00e9rance. Veuillez vous r\u00e9f\u00e9rer \u00e0 la \u201c Plage de courant \u201d dans les sp\u00e9cifications, comme indiqu\u00e9 dans le tableau ci-dessous : Le canal 1 n\u00e9cessite une charge minimale de 2 A ; le canal 2 n\u00e9cessite 0,5A\u00a0; Le canal 3 n\u00e9cessite 0,1 A ; Canal4 n\u2019a besoin d\u2019aucune charge minimale.<\/p>\n<\/div><\/div><div  class=\"vc_do_toggle vc_toggle vc_toggle_simple vc_toggle_color_black  vc_toggle_size_lg\"><div class=\"vc_toggle_title\"><h4>6 : Q : Pourquoi l'alimentation s'est-elle coup\u00e9e pendant le fonctionnement et apr\u00e8s l'avoir \u00e9teinte, je peux red\u00e9marrer l'alimentation ?<\/h4><i class=\"vc_toggle_icon\"><\/i><\/div><div class=\"vc_toggle_content\"><p>En g\u00e9n\u00e9ral, deux circonstances peuvent entra\u00eener une coupure de l'alimentation \u00e9lectrique. La premi\u00e8re est l'activation de la protection contre les surcharges (OLP). Pour faire face \u00e0 cette situation, nous sugg\u00e9rons d'augmenter la puissance nominale de sortie ou de modifier le point OLP. La seconde est l'activation de la protection contre la surchauffe (OTP) lorsque la temp\u00e9rature interne atteint la valeur pr\u00e9d\u00e9finie. Toutes ces conditions permettront au S.P.S. entrez en mode de protection et \u00e9teignez-le. Apr\u00e8s que ces conditions soientsupprim\u00e9, le S.P.S. reviendra \u00e0 la normale.<\/p>\n<\/div><\/div><div  class=\"vc_do_toggle vc_toggle vc_toggle_simple vc_toggle_color_black  vc_toggle_size_lg\"><div class=\"vc_toggle_title\"><h4>7 : Q : Quel est le m\u00e9canisme de contr\u00f4le des ventilateurs de refroidissement ?<\/h4><i class=\"vc_toggle_icon\"><\/i><\/div><div class=\"vc_toggle_content\"><p>Les ventilateurs de refroidissement ont une dur\u00e9e de vie relativement plus courte (MTTF, Mean Time To Failure typique, d'environ 5 000 \u00e0 100 000 heures) par rapport aux autres composants de l'alimentation \u00e9lectrique. Par cons\u00e9quent, changer le mode de fonctionnement des ventilateurs peut prolonger les heures de fonctionnement. Les sch\u00e9mas de contr\u00f4le les plus courants sont pr\u00e9sent\u00e9s ci-dessous\u00a0:<\/p>\n<p>Contr\u00f4le de la temp\u00e9rature : si la temp\u00e9rature interne d'une alimentation, d\u00e9tect\u00e9e par un capteur de temp\u00e9rature, d\u00e9passe le seuil, le ventilateur commencera \u00e0 fonctionner \u00e0 pleine vitesse, tandis que si la temp\u00e9rature interne est inf\u00e9rieure au seuil d\u00e9fini, le ventilateur cessera de fonctionner ou fonctionnera \u00e0 moiti\u00e9 vitesse. De plus, les ventilateurs de refroidissement de certaines alimentations sont contr\u00f4l\u00e9s par une m\u00e9thode de contr\u00f4le non lin\u00e9aire gr\u00e2ce \u00e0 laquelle la vitesse du ventilateur peut \u00eatre modifi\u00e9e de mani\u00e8re synchrone en fonction de diff\u00e9rentes temp\u00e9ratures internes.<br \/>\nContr\u00f4le de charge : si la charge d'une alimentation d\u00e9passe le seuil, le ventilateur commencera \u00e0 fonctionner \u00e0 pleine vitesse, tandis que si la charge est inf\u00e9rieure au seuil d\u00e9fini, le ventilateur cessera de fonctionner ou fonctionnera \u00e0 moiti\u00e9 vitesse.<\/p>\n<\/div><\/div><div  class=\"vc_do_toggle vc_toggle vc_toggle_simple vc_toggle_color_black  vc_toggle_size_lg\"><div class=\"vc_toggle_title\"><h4>8 : Q : Qu'est-ce que le \" courant d'appel \" ? Que remarquerons-nous ?<\/h4><i class=\"vc_toggle_icon\"><\/i><\/div><div class=\"vc_toggle_content\"><p>Du c\u00f4t\u00e9 de l'entr\u00e9e, il y aura (1\/2 ~ 1 cycle, ex. 1\/120 ~ 1\/60 secondes pour une source CA 60 Hz) un courant d'impulsion important (20 ~ 100 A bas\u00e9 sur la conception du S.P.S.) au moment de la mise sous tension, puis de retour \u00e0 la valeur nominale normale. Ce \u201c courant d'appel \u201d appara\u00eetra \u00e0 chaque fois que vous allumerez l'appareil. M\u00eame si cela n\u2019endommagera pas l\u2019alimentation, nous vous sugg\u00e9rons de ne pas allumer\/\u00e9teindre l\u2019alimentation tr\u00e8s rapidement en peu de temps. De plus, si plusieurs alimentations s'allument en m\u00eame temps, le syst\u00e8me de r\u00e9partitionde la source CA peut s'\u00e9teindre et passer en mode de protection en raison de l'\u00e9norme courant d'appel. Il est sugg\u00e9r\u00e9 de d\u00e9marrer ces alimentations une par une ou d'utiliser la fonction de t\u00e9l\u00e9commande de S.P.S. pour les allumer\/\u00e9teindre.<\/p>\n<\/div><\/div><div  class=\"vc_do_toggle vc_toggle vc_toggle_simple vc_toggle_color_black  vc_toggle_size_lg\"><div class=\"vc_toggle_title\"><h4>9 : Q : Quelle est la diff\u00e9rence entre -V et COM qui sont marqu\u00e9s c\u00f4t\u00e9 sortie ?<\/h4><i class=\"vc_toggle_icon\"><\/i><\/div><div class=\"vc_toggle_content\"><p>COM (COMMON) signifie terrain d\u2019entente. Veuillez voir ci-dessous\u00a0:<br \/>\nSortie unique\u00a0: p\u00f4le positif (+V), p\u00f4le n\u00e9gatif (-V)<br \/>\nSortie multiple (terre commune)\u00a0: p\u00f4le positif (+V1, +V2,.), p\u00f4le n\u00e9gatif (COM)<\/p>\n<\/div><\/div><div  class=\"vc_do_toggle vc_toggle vc_toggle_simple vc_toggle_color_black  vc_toggle_size_lg\"><div class=\"vc_toggle_title\"><h4>10 : Q : Dans le catalogue de WEHO, nous voyons AC et DC en entr\u00e9e, de quoi s'agit-il ?<\/h4><i class=\"vc_toggle_icon\"><\/i><\/div><div class=\"vc_toggle_content\"><p>En raison des diff\u00e9rentes conceptions de circuits, l'entr\u00e9e de l'alimentation WEHO se compose de trois types comme ci-dessous\u00a0:<br \/>\n(VCA\u2252VCC)<br \/>\na.85 ~ 264 VCA\u00a0; 120 ~ 370 VCC<br \/>\nb.176 ~ 264 VCA\u00a0; 250 ~ 370 VCC<br \/>\nenviron 85 ~ 132 VAC\/176 ~ 264 VAC par interrupteur\u00a0; 250 ~ 370 V CC<\/p>\n<p>Dans les mod\u00e8les \u00e0 entr\u00e9es a et b, l'alimentation peut fonctionner correctement, quelle que soit l'entr\u00e9e AC ou DC. Certains mod\u00e8les n\u00e9cessitent une connexion correcte des p\u00f4les d'entr\u00e9e, le p\u00f4le positif se connecte \u00e0 AC\/L\u00a0; Le p\u00f4le n\u00e9gatif se connecte \u00e0 AC\/N. D'autres peuvent n\u00e9cessiter une connexion oppos\u00e9e, p\u00f4le positif \u00e0 AC\/N\u00a0; p\u00f4le n\u00e9gatif \u00e0 AC\/L. Si les clients effectuent une mauvaise connexion, l'alimentation \u00e9lectrique ne sera pas interrompue. Vous pouvez simplement inverser les p\u00f4les d'entr\u00e9e et l'alimentation fonctionnera toujours.<br \/>\nDans les mod\u00e8les \u00e0 entr\u00e9e C, assurez-vous de commuter correctement l'entr\u00e9e 115\/230 V. Si l'interrupteur est du c\u00f4t\u00e9 115 V et que l'entr\u00e9e r\u00e9elle est de 230 V, l'alimentation sera endommag\u00e9e.<\/p>\n<\/div><\/div><div  class=\"vc_do_toggle vc_toggle vc_toggle_simple vc_toggle_color_black  vc_toggle_size_lg\"><div class=\"vc_toggle_title\"><h4>11 : Q : Qu'est-ce que les signaux de bonne alimentation et de panne de courant et comment les utiliser ?<\/h4><i class=\"vc_toggle_icon\"><\/i><\/div><div class=\"vc_toggle_content\"><p>Certaines alimentations fournissent un signal \u201c Power Good \u201d lorsqu'elles sont allum\u00e9es et envoient un signal \u201d Power Fail \u201d lorsqu'elles sont \u00e9teintes. Ceci est g\u00e9n\u00e9ralement utilis\u00e9 \u00e0 des fins de surveillance et de contr\u00f4le.<br \/>\nAlimentation bonne : une fois que la sortie d'une alimentation atteint la tension nominale 90%, un signal TTL (environ 5 V) sera envoy\u00e9 dans les 10 \u00e0 500 ms suivantes.<br \/>\nPanne de courant\u00a0: avant que la sortie d'une alimentation ne soit inf\u00e9rieure \u00e0 la tension nominale 90%, le signal de bonne alimentation sera d\u00e9sactiv\u00e9 au moins 1 ms \u00e0 l'avance.<\/p>\n<\/div><\/div><div  class=\"vc_do_toggle vc_toggle vc_toggle_simple vc_toggle_color_black  vc_toggle_size_lg\"><div class=\"vc_toggle_title\"><h4>12 : Q : Quelles sont les formes de protection contre les surcharges\/surintensit\u00e9s ?<\/h4><i class=\"vc_toggle_icon\"><\/i><\/div><div class=\"vc_toggle_content\"><p>Lorsque le courant consomm\u00e9 d\u00e9passe la valeur nominale du bloc d'alimentation, le circuit de protection se d\u00e9clenche pour prot\u00e9ger l'unit\u00e9 contre les surcharges\/surintensit\u00e9s.<br \/>\nLes protections contre les surcharges\/surintensit\u00e9s peuvent \u00eatre divis\u00e9es sous plusieurs formes\u00a0:<br \/>\n(1) LIMITATION DE COURANT DE REPLIAGE<br \/>\nLe courant de sortie diminue d'environ 20% du courant nominal, repr\u00e9sent\u00e9 par la courbe (a) dans la figure ci-dessous.<br \/>\n(2) LIMITATION DE COURANT CONSTANT<br \/>\nLe courant de sortie reste \u00e0 un niveau constant et dans la plage sp\u00e9cifi\u00e9e tandis que la tension de sortie chute \u00e0 un niveau inf\u00e9rieur, illustr\u00e9 par la courbe (b) dans la figure ci-dessous.<br \/>\n(3) LIMITE DE SURPUISSANCE<br \/>\nLa puissance de sortie reste constante. \u00c0 mesure que la charge de sortie augmente, la tension de sortie diminue proportionnellement, comme le montre la courbe (c) dans la figure ci-dessous.<br \/>\n(4) LIMITATION DE COURANT HICCU<br \/>\nLa tension et le courant de sortie continuent de s'allumer et de s'\u00e9teindre \u00e0 plusieurs reprises lorsque la protection est activ\u00e9e. L'unit\u00e9 r\u00e9cup\u00e8re automatiquement lorsque la condition d\u00e9fectueuse est supprim\u00e9e.<br \/>\n(5) COUPURE<br \/>\nLa tension et le courant de sortie sont coup\u00e9s lorsque la charge de sortie atteint la plage de protection.<br \/>\nREMARQUE\u00a0: Le mode de protection de certains produits se combine avec diff\u00e9rents types de formes mentionn\u00e9es, telles que la limitation de courant constant + l'arr\u00eat.<\/p>\n<p>M\u00e9thode de r\u00e9cup\u00e9ration\u00a0:<br \/>\n(1) R\u00e9cup\u00e9ration automatique\u00a0: le bloc d'alimentation r\u00e9cup\u00e8re automatiquement une fois la condition d\u00e9fectueuse supprim\u00e9e.<br \/>\n(2) Remise sous tension\u00a0: le bloc d'alimentation red\u00e9marre par une remise sous tension manuelle du secteur apr\u00e8s la suppression de la condition d\u00e9fectueuse.<br \/>\nRemarque\u00a0:\u00a0Veuillez ne pas faire fonctionner le bloc d'alimentation dans des conditions de surintensit\u00e9 ou de court-circuit pendant une longue p\u00e9riode afin d'\u00e9viter une dur\u00e9e de vie plus courte ou d'endommager le bloc d'alimentation.<\/p>\n<\/div><\/div><div  class=\"vc_do_toggle vc_toggle vc_toggle_simple vc_toggle_color_black  vc_toggle_size_lg\"><div class=\"vc_toggle_title\"><h4>13 : Q : Quelle est la diff\u00e9rence entre l'alimentation \u00e9lectrique \u00e0 un \u00e9tage et \u00e0 deux \u00e9tages ?<\/h4><i class=\"vc_toggle_icon\"><\/i><\/div><div class=\"vc_toggle_content\"><p>Il existe 2 types de circuits de correction du facteur de puissance\u00a0; l'un est \u00e0 un \u00e9tage et l'autre \u00e0 deux \u00e9tages. L'alimentation \u00e9lectrique \u00e0 un \u00e9tage combine les fonctions de correction du facteur de puissance et de convertisseur dans un seul circuit, mais \u00e0 deux \u00e9tages, utilisez deux circuits s\u00e9par\u00e9s. Par rapport \u00e0 un bloc d'alimentation \u00e0 un \u00e9tage, la conception \u00e0 deux \u00e9tages est plus complexe et plus co\u00fbteuse, mais les performances d'immunit\u00e9 du bloc d'alimentation \u00e0 deux \u00e9tages contre le secteur CA sont bien meilleures que celles du bloc d'alimentation \u00e0 un \u00e9tage\u00a0; De plus, Two Stage pr\u00e9sente de meilleures performances en mati\u00e8re de bruits d'ondulation en sortie.De ce fait, un \u00e9tage unique ne convient qu'aux champs dot\u00e9s d'un secteur CA de qualit\u00e9, mais deux \u00e9tages peuvent \u00eatre utilis\u00e9s dans des circonstances s\u00e9rieuses pour les pilotes de LED ou comme alimentations \u00e0 d\u00e9coupage industrielles.<\/p>\n<\/div><\/div><div  class=\"vc_do_toggle vc_toggle vc_toggle_simple vc_toggle_color_black  vc_toggle_size_lg\"><div class=\"vc_toggle_title\"><h4>14 : Q : Quelle application sera l'alimentation utilis\u00e9e ?<\/h4><i class=\"vc_toggle_icon\"><\/i><\/div><div class=\"vc_toggle_content\"><p>contr\u00f4le d'automatisation industrielle, \u00e9quipement militaire<br \/>\n\u00e9quipement de recherche scientifique, \u00e9clairage LED, \u00e9quipement de contr\u00f4le industriel<br \/>\n\u00e9quipement de communication, \u00e9quipement \u00e9lectrique, instrumentation, \u00e9quipement m\u00e9dical<br \/>\nr\u00e9frig\u00e9ration et chauffage \u00e0 semi-conducteurs, purificateur d'air, r\u00e9frig\u00e9rateur \u00e9lectronique<br \/>\naffichage \u00e0 cristaux liquides, lampes LED, \u00e9quipement de communication<br \/>\nproduits audiovisuels, surveillance de s\u00e9curit\u00e9, ceinture de lampes LED<br \/>\nbo\u00eetier d'ordinateur, produits num\u00e9riques, etc. Instruments et autres domaines.<\/p>\n<\/div><\/div><div  class=\"vc_do_toggle vc_toggle vc_toggle_simple vc_toggle_color_black  vc_toggle_size_lg\"><div class=\"vc_toggle_title\"><h4>15 : Q : Qu'en est-il de la qualit\u00e9 ?<\/h4><i class=\"vc_toggle_icon\"><\/i><\/div><div class=\"vc_toggle_content\"><p>A. Deux ans de garantie pour chaque alimentation \u00e0 d\u00e9coupage<\/p>\n<p>B. Une inspection stricte de contr\u00f4le de qualit\u00e9 avant exp\u00e9dition<\/p>\n<p>c. Emballage blister r\u00e9sistant aux chocs et de haute qualit\u00e9 pour prot\u00e9ger l'article contre les dommages pendant le transport<\/p>\n<\/div><\/div><div  class=\"vc_do_toggle vc_toggle vc_toggle_simple vc_toggle_color_black  vc_toggle_size_lg\"><div class=\"vc_toggle_title\"><h4>16\u00a0:\u00a0Q\u00a0:\u00a0L'\u00e9quipement de production<\/h4><i class=\"vc_toggle_icon\"><\/i><\/div><div class=\"vc_toggle_content\"><p>Machine \u00e0 souder \u00e0 la vague, machine \u00e0 insertion automatique, chambre thermique haute et basse temp\u00e9rature, r\u00e9cepteur de testeur EMI, testeur de courant de fuite, testeur de performances complet, ,<br \/>\nTesteur de tension, testeur de vieillissement, testeur de r\u00e9sistance, machine automatique \u00e0 double colle liquide, machine d'emballage r\u00e9tractable, machine \u00e0 ruban Pachage. .<\/p>\n<\/div><\/div><div  class=\"vc_do_toggle vc_toggle vc_toggle_simple vc_toggle_color_black  vc_toggle_size_lg\"><div class=\"vc_toggle_title\"><h4>17\u00a0:\u00a0Q\u00a0:\u00a0Que diriez-vous de l'OEM et de l'ODM\u00a0? .<\/h4><i class=\"vc_toggle_icon\"><\/i><\/div><div class=\"vc_toggle_content\"><p>Conception ODM et emballage OEM bienvenus<\/p>\n<\/div><\/div><div  class=\"vc_do_toggle vc_toggle vc_toggle_simple vc_toggle_color_black  vc_toggle_size_lg\"><div class=\"vc_toggle_title\"><h4>18\u00a0:\u00a0Q\u00a0:\u00a0Que diriez-vous du d\u00e9lai de livraison\u00a0? .<\/h4><i class=\"vc_toggle_icon\"><\/i><\/div><div class=\"vc_toggle_content\"><p>a.MOQ : Nous prenons en charge la commande d\u2019\u00e9chantillon. (1 ~ 5 pi\u00e8ces) dans les 3 jours<\/p>\n<p>B.Plus de 500 pi\u00e8ces, le d\u00e9lai de livraison est de 10 \u00e0 15 jours<\/p>\n<p>c. Plus de 5000 pi\u00e8ces, le d\u00e9lai de livraison est de 22 \u00e0 30 jours<\/p>\n<\/div><\/div><div  class=\"vc_do_toggle vc_toggle vc_toggle_simple vc_toggle_color_black  vc_toggle_size_lg\"><div class=\"vc_toggle_title\"><h4>19 : Q : Qu'en est-il de la m\u00e9thode d'exp\u00e9dition ?<\/h4><i class=\"vc_toggle_icon\"><\/i><\/div><div class=\"vc_toggle_content\"><p>Nous exp\u00e9dions g\u00e9n\u00e9ralement par DHL, UPS, FedEx ou TNT. Il faut g\u00e9n\u00e9ralement 3 \u00e0 5 jours pour arriver. Transport a\u00e9rien et maritime \u00e9galement facultatif.<\/p>\n<\/div><\/div><div  class=\"vc_do_toggle vc_toggle vc_toggle_simple vc_toggle_color_black  vc_toggle_size_lg\"><div class=\"vc_toggle_title\"><h4>20 : Q : Comment payer ?<\/h4><i class=\"vc_toggle_icon\"><\/i><\/div><div class=\"vc_toggle_content\"><p>Pour la commodit\u00e9 de nos clients, nous acceptons diff\u00e9rents modes de paiement comme ci-dessous\u00a0:<\/p>\n<p>Paypal<br \/>\nCarte de cr\u00e9dit (via PayPal ou Alibaba)<br \/>\nVirement bancaire (virement bancaire r\u00e9gulier)<br \/>\nL\/C D\/A D\/P O\/A<\/p>\n<\/div><\/div><div  class=\"vc_do_toggle vc_toggle vc_toggle_simple vc_toggle_color_black  vc_toggle_size_lg\"><div class=\"vc_toggle_title\"><h4>21 : Q : Pouvons-nous \u00eatre votre distributeur ?<\/h4><i class=\"vc_toggle_icon\"><\/i><\/div><div class=\"vc_toggle_content\"><p>Oui, si vos ventes annuelles sont bien sup\u00e9rieures \u00e0 celles de nos autres clients sur votre march\u00e9, vous pouvez \u00eatre notre distributeur<\/p>\n<\/div><\/div><div  class=\"vc_do_toggle vc_toggle vc_toggle_simple vc_toggle_color_black  vc_toggle_size_lg\"><div class=\"vc_toggle_title\"><h4>22 : Q : Comment vous contacter ?<\/h4><i class=\"vc_toggle_icon\"><\/i><\/div><div class=\"vc_toggle_content\"><p>T\u00e9l : 86-577-61777088 Fax : 86-577-61777072 Skype : Chnwh005<br \/>\nEmail:weho@chnwh.com\u00a0Whatsapp:86-15869492061<\/p>\n<\/div><\/div><\/div><\/div><\/div><\/div>\n<\/div>","protected":false},"excerpt":{"rendered":"If you have questions on WEHO\u2019s products, please read the FAQ first. If the listed answers still cannot solve your problems, ease contact us or mail us , We would reply to you as soon as received your request. As a dedicated manufacturer of standard power supplies, WEHO provides a wide variety of power supplies&hellip; <a class=\"more-link\" href=\"https:\/\/www.wehopower.com\/fr\/faq\">Continue reading <span class=\"screen-reader-text\">FAQ<\/span><\/a>","protected":false},"author":1,"featured_media":0,"parent":0,"menu_order":0,"comment_status":"closed","ping_status":"closed","template":"page-faq.php","meta":{"_acf_changed":false,"_joinchat":[],"footnotes":""},"class_list":["post-47","page","type-page","status-publish","hentry","entry"],"acf":[],"post_mailing_queue_ids":[],"_links":{"self":[{"href":"https:\/\/www.wehopower.com\/fr\/wp-json\/wp\/v2\/pages\/47","targetHints":{"allow":["GET"]}}],"collection":[{"href":"https:\/\/www.wehopower.com\/fr\/wp-json\/wp\/v2\/pages"}],"about":[{"href":"https:\/\/www.wehopower.com\/fr\/wp-json\/wp\/v2\/types\/page"}],"author":[{"embeddable":true,"href":"https:\/\/www.wehopower.com\/fr\/wp-json\/wp\/v2\/users\/1"}],"replies":[{"embeddable":true,"href":"https:\/\/www.wehopower.com\/fr\/wp-json\/wp\/v2\/comments?post=47"}],"version-history":[{"count":0,"href":"https:\/\/www.wehopower.com\/fr\/wp-json\/wp\/v2\/pages\/47\/revisions"}],"wp:attachment":[{"href":"https:\/\/www.wehopower.com\/fr\/wp-json\/wp\/v2\/media?parent=47"}],"curies":[{"name":"wp","href":"https:\/\/api.w.org\/{rel}","templated":true}]}}