{"id":53,"date":"2021-09-02T02:27:37","date_gmt":"2021-09-02T02:27:37","guid":{"rendered":"https:\/\/www.wehopower.com\/?page_id=53"},"modified":"2021-12-31T03:26:21","modified_gmt":"2021-12-31T03:26:21","slug":"solution","status":"publish","type":"page","link":"https:\/\/www.wehopower.com\/fr\/solution","title":{"rendered":"Solution"},"content":{"rendered":"<p>ZHEJIANG WEIHAO ELECTRONIC CO., LTD a \u00e9t\u00e9 fond\u00e9e en 2007, engagement \u00e0 long terme dans l'alimentation \u00e0 d\u00e9coupage, le pilote de LED et d'autres nouveaux produits \u00e9nerg\u00e9tiques, la production et la vente. En se concentrant sur le march\u00e9 SMPS standard, WEHO propose plus de 1 000 mod\u00e8les de produits d'alimentation standard, afin de fournir des solutions d'alimentation pour tous les types d'applications.<\/p>","protected":false},"excerpt":{"rendered":"<p>ZHEJIANG WEIHAO ELECTRONIC CO., LTD a \u00e9t\u00e9 fond\u00e9e en 2007, engagement \u00e0 long terme dans l'alimentation \u00e0 d\u00e9coupage, le pilote de LED et d'autres nouveaux produits \u00e9nerg\u00e9tiques, la production et la vente. En se concentrant sur le march\u00e9 SMPS standard, WEHO propose plus de 1 000 mod\u00e8les de produits d'alimentation standard, afin de fournir des solutions d'alimentation pour tous les types d'applications.<\/p>","protected":false},"author":1,"featured_media":0,"parent":0,"menu_order":0,"comment_status":"closed","ping_status":"closed","template":"page-solution.php","meta":{"_acf_changed":false,"_joinchat":[],"footnotes":""},"class_list":["post-53","page","type-page","status-publish","hentry","entry"],"acf":[],"post_mailing_queue_ids":[],"_links":{"self":[{"href":"https:\/\/www.wehopower.com\/fr\/wp-json\/wp\/v2\/pages\/53","targetHints":{"allow":["GET"]}}],"collection":[{"href":"https:\/\/www.wehopower.com\/fr\/wp-json\/wp\/v2\/pages"}],"about":[{"href":"https:\/\/www.wehopower.com\/fr\/wp-json\/wp\/v2\/types\/page"}],"author":[{"embeddable":true,"href":"https:\/\/www.wehopower.com\/fr\/wp-json\/wp\/v2\/users\/1"}],"replies":[{"embeddable":true,"href":"https:\/\/www.wehopower.com\/fr\/wp-json\/wp\/v2\/comments?post=53"}],"version-history":[{"count":0,"href":"https:\/\/www.wehopower.com\/fr\/wp-json\/wp\/v2\/pages\/53\/revisions"}],"wp:attachment":[{"href":"https:\/\/www.wehopower.com\/fr\/wp-json\/wp\/v2\/media?parent=53"}],"curies":[{"name":"wp","href":"https:\/\/api.w.org\/{rel}","templated":true}]}}