{"id":5557,"date":"2023-09-11T08:38:06","date_gmt":"2023-09-11T08:38:06","guid":{"rendered":"https:\/\/www.wehopower.com\/?page_id=5557"},"modified":"2023-11-13T08:02:20","modified_gmt":"2023-11-13T08:02:20","slug":"marketing","status":"publish","type":"page","link":"https:\/\/www.wehopower.com\/fr\/support\/marketing","title":{"rendered":"Commercialisation"},"content":{"rendered":"<div class=\"wpb-content-wrapper\"><div class=\"vc_row wpb_row vc_row-fluid part-one vc_row-o-equal-height vc_row-o-content-middle vc_row-flex\"><div class=\"one-left wpb_column vc_column_container vc_col-sm-6\"><div class=\"vc_column-inner\"><div class=\"wpb_wrapper\">\n\t<div class=\"wpb_text_column wpb_content_element\" >\n\t\t<div class=\"wpb_wrapper\">\n\t\t\t<h2>Conception bas\u00e9e sur le client<\/h2>\n<p>Chez WEHO, notre priorit\u00e9 absolue est de toujours comprendre le point de vue de nos clients. Nous nous engageons fermement \u00e0 produire et \u00e0 concevoir des alimentations, des chargeurs, des pilotes de LED et des onduleurs de haute qualit\u00e9 qui non seulement r\u00e9pondent, mais d\u00e9passent, vos attentes en termes de s\u00e9curit\u00e9 et de fiabilit\u00e9. Vos pr\u00e9cieux avis, id\u00e9es et besoins nous poussent \u00e0 innover et \u00e0 nous am\u00e9liorer.<\/p>\n<p>Notre \u00e9quipe se consacre \u00e0 fournir des solutions de pointe \u00e0 la fois efficaces et fiables. Nous prenons en compte les besoins \u00e9lectriques sp\u00e9cifiques de chaque client, en tenant compte de facteurs tels que les besoins en tension, la capacit\u00e9 de charge et les objectifs de durabilit\u00e9.<\/p>\n<p>Gr\u00e2ce \u00e0 cette approche personnalis\u00e9e, nous garantissons que nos clients re\u00e7oivent les solutions d'alimentation \u00e9lectrique les plus adapt\u00e9es \u00e0 leurs op\u00e9rations. Nos processus sont continuellement mis \u00e0 jour pour int\u00e9grer les derni\u00e8res avanc\u00e9es technologiques, ce qui nous permet de rester \u00e0 l'avant-garde de l'industrie.<\/p>\n<p style=\"text-align: left; margin-top: 30px;\"><a class=\"cta-more\" href=\"#message\">Envoyez-nous votre demande aujourd'hui<\/a><\/p>\n\n\t\t<\/div>\n\t<\/div>\n<\/div><\/div><\/div><div class=\"one-right wpb_column vc_column_container vc_col-sm-6\"><div class=\"vc_column-inner\"><div class=\"wpb_wrapper\">\n\t<div  class=\"wpb_single_image wpb_content_element vc_align_right wpb_content_element\">\n\t\t\n\t\t<figure class=\"wpb_wrapper vc_figure\">\n\t\t\t<div class=\"vc_single_image-wrapper   vc_box_border_grey\"><img fetchpriority=\"high\" decoding=\"async\" width=\"2560\" height=\"1707\" src=\"https:\/\/i1.wp.com\/www.wehopower.com\/wp-content\/uploads\/2023\/09\/Customer-Based-Design-scaled.jpg?quality=85&strip=all\" class=\"vc_single_image-img attachment-full\" alt=\"Conception bas\u00e9e sur le client\" title=\"Conception bas\u00e9e sur le client\" srcset=\"https:\/\/i1.wp.com\/www.wehopower.com\/wp-content\/uploads\/2023\/09\/Customer-Based-Design-scaled.jpg?quality=85&strip=all 2560w, https:\/\/i1.wp.com\/www.wehopower.com\/wp-content\/uploads\/2023\/09\/Customer-Based-Design-300x200.jpg?quality=85&strip=all 300w, https:\/\/i1.wp.com\/www.wehopower.com\/wp-content\/uploads\/2023\/09\/Customer-Based-Design-1024x683.jpg?quality=85&strip=all 1024w, https:\/\/i1.wp.com\/www.wehopower.com\/wp-content\/uploads\/2023\/09\/Customer-Based-Design-768x512.jpg?quality=85&strip=all 768w, https:\/\/i1.wp.com\/www.wehopower.com\/wp-content\/uploads\/2023\/09\/Customer-Based-Design-1536x1024.jpg?quality=85&strip=all 1536w, https:\/\/i1.wp.com\/www.wehopower.com\/wp-content\/uploads\/2023\/09\/Customer-Based-Design-2048x1365.jpg?quality=85&strip=all 2048w, https:\/\/i1.wp.com\/www.wehopower.com\/wp-content\/uploads\/2023\/09\/Customer-Based-Design-1568x1045.jpg?quality=85&strip=all 1568w\" sizes=\"(max-width: 2560px) 100vw, 2560px\" style=\"width:100%;height:66.68%;max-width:2560px;\" \/><\/div>\n\t\t<\/figure>\n\t<\/div>\n<\/div><\/div><\/div><\/div><div class=\"vc_row wpb_row vc_row-fluid part-two\"><div class=\"wpb_column vc_column_container vc_col-sm-12\"><div class=\"vc_column-inner\"><div class=\"wpb_wrapper\">\n\t<div class=\"wpb_text_column wpb_content_element two-top\" >\n\t\t<div class=\"wpb_wrapper\">\n\t\t\t<p><img decoding=\"async\" class=\"alignnone wp-image-5577 size-full\" style=\"width: 100%; height: auto;\" src=\"https:\/\/i1.wp.com\/www.wehopower.com\/wp-content\/uploads\/2023\/09\/image.jpg?quality=85&strip=all\" alt=\"Titre marketing=\" width=\"1140\" height=\"760\" marketing title=\"\" srcset=\"https:\/\/i1.wp.com\/www.wehopower.com\/wp-content\/uploads\/2023\/09\/image.jpg?quality=85&strip=all 1140w, https:\/\/i1.wp.com\/www.wehopower.com\/wp-content\/uploads\/2023\/09\/image-300x200.jpg?quality=85&strip=all 300w, https:\/\/i1.wp.com\/www.wehopower.com\/wp-content\/uploads\/2023\/09\/image-1024x683.jpg?quality=85&strip=all 1024w, https:\/\/i1.wp.com\/www.wehopower.com\/wp-content\/uploads\/2023\/09\/image-768x512.jpg?quality=85&strip=all 768w\" sizes=\"(max-width: 1140px) 100vw, 1140px\" \/><\/p>\n\n\t\t<\/div>\n\t<\/div>\n<div class=\"vc_row wpb_row vc_inner vc_row-fluid two-bottom vc_row-o-equal-height vc_row-o-content-middle vc_row-flex\"><div class=\"two-list wpb_column vc_column_container vc_col-sm-6\"><div class=\"vc_column-inner\"><div class=\"wpb_wrapper\">\n\t<div class=\"wpb_text_column wpb_content_element\" >\n\t\t<div class=\"wpb_wrapper\">\n\t\t\t<h2>Entretenir les flammes de l\u2019innovation<\/h2>\n<p>Se tenir au courant des derni\u00e8res tendances est crucial pour que les entreprises puissent attirer et fid\u00e9liser leurs clients. Les personnes f\u00e9rus de technologie sont constamment d\u00e9sireuses de rester en avance sur les tendances de la mode en \u00e9volution rapide. Il est donc essentiel pour les entreprises de donner la priorit\u00e9 \u00e0 l\u2019innovation et d\u2019int\u00e9grer ces \u00e9l\u00e9ments dans leurs produits afin de r\u00e9pondre aux demandes changeantes de leur client\u00e8le.<\/p>\n<p style=\"text-align: left; margin-top: 30px;\"><a class=\"cta-more\" href=\"https:\/\/www.wehopower.com\/fr\/products\/\">Voir notre produit<\/a><\/p>\n\n\t\t<\/div>\n\t<\/div>\n<\/div><\/div><\/div><div class=\"two-list wpb_column vc_column_container vc_col-sm-6\"><div class=\"vc_column-inner\"><div class=\"wpb_wrapper\">\n\t<div class=\"wpb_text_column wpb_content_element\" >\n\t\t<div class=\"wpb_wrapper\">\n\t\t\t<h2>ODM d'OEM, service de R&amp;D<\/h2>\n<p>Notre \u00e9quipe d\u2019experts se consacre \u00e0 vous fournir des services personnalis\u00e9s de fabrication d\u2019\u00e9quipement d\u2019origine (OEM) et de fabrication de conception originale (ODM). Nous disposons de capacit\u00e9s compl\u00e8tes de recherche et d\u00e9veloppement (R&amp;D) pour r\u00e9pondre \u00e0 vos besoins sp\u00e9cifiques. Du d\u00e9veloppement du concept au prototypage et aux tests, nous garantissons que nos alimentations offrent des performances et une efficacit\u00e9 exceptionnelles. Nous proposons \u00e9galement des options de personnalisation pour r\u00e9pondre aux exigences de votre marque ou \u00e0 toute fonctionnalit\u00e9 sp\u00e9cifique que vous pourriezbesoin.<\/p>\n\n\t\t<\/div>\n\t<\/div>\n<\/div><\/div><\/div><\/div><\/div><\/div><\/div><\/div><div data-vc-full-width=\"true\" data-vc-full-width-init=\"false\" data-vc-stretch-content=\"true\" class=\"vc_row wpb_row vc_row-fluid part-three vc_row-no-padding\"><div class=\"wrapper wpb_column vc_column_container vc_col-sm-12\"><div class=\"vc_column-inner\"><div class=\"wpb_wrapper\"><div class=\"vc_row wpb_row vc_inner vc_row-fluid vc_row-o-equal-height vc_row-flex\"><div class=\"three-left wpb_column vc_column_container vc_col-sm-6\"><div class=\"vc_column-inner\"><div class=\"wpb_wrapper\">\n\t<div class=\"wpb_text_column wpb_content_element\" >\n\t\t<div class=\"wpb_wrapper\">\n\t\t\t<h2>Un \u0153il pour les alimentations, les adaptateurs secteur, les chargeurs, les c\u00e2bles, les pilotes LED\u00a0: l'inspiration cr\u00e9ative prend vie<\/h2>\n<p style=\"text-align: left;\">WEHO est votre guichet unique pour tous vos besoins en alimentation \u00e9lectrique. Notre \u00e9quipe de personnel anglophone est comp\u00e9tente et exp\u00e9riment\u00e9e pour r\u00e9pondre aux besoins des entreprises \u00e9trang\u00e8res. Nous comprenons l\u2019importance d\u2019\u00e9tablir des relations gagnant-gagnant \u00e0 long terme avec nos clients, fournisseurs, investisseurs et employ\u00e9s. La qualit\u00e9 est au premier plan de tout ce que nous faisons, de notre communication aux produits et services que nous fournissons. Vous pouvez nous faire confiance pour \u00eatre transparents et francs dans toutes nos relations commerciales. Nous sommesNous nous engageons \u00e0 nous am\u00e9liorer continuellement et nous nous effor\u00e7ons de fournir des solutions rentables qui r\u00e9pondent \u00e0 vos exigences. Ensemble, nous am\u00e9liorons les choses !<\/p>\n<p style=\"text-align: left; margin-top: 30px;\"><a class=\"cta-more\" href=\"#message\">En savoir plus<\/a><\/p>\n\n\t\t<\/div>\n\t<\/div>\n<\/div><\/div><\/div><div class=\"three-right wpb_column vc_column_container vc_col-sm-6\"><div class=\"vc_column-inner\"><div class=\"wpb_wrapper\">\n\t<div  class=\"wpb_single_image wpb_content_element vc_align_right wpb_content_element\">\n\t\t\n\t\t<figure class=\"wpb_wrapper vc_figure\">\n\t\t\t<div class=\"vc_single_image-wrapper   vc_box_border_grey\"><img decoding=\"async\" width=\"2560\" height=\"1709\" src=\"https:\/\/i1.wp.com\/www.wehopower.com\/wp-content\/uploads\/2023\/09\/2-scaled.jpg?quality=85&strip=all\" class=\"vc_single_image-img attachment-full\" alt=\"2\" title=\"2\" srcset=\"https:\/\/i1.wp.com\/www.wehopower.com\/wp-content\/uploads\/2023\/09\/2-scaled.jpg?quality=85&strip=all 2560w, https:\/\/i1.wp.com\/www.wehopower.com\/wp-content\/uploads\/2023\/09\/2-300x200.jpg?quality=85&strip=all 300w, https:\/\/i1.wp.com\/www.wehopower.com\/wp-content\/uploads\/2023\/09\/2-1024x684.jpg?quality=85&strip=all 1024w, https:\/\/i1.wp.com\/www.wehopower.com\/wp-content\/uploads\/2023\/09\/2-768x513.jpg?quality=85&strip=all 768w, https:\/\/i1.wp.com\/www.wehopower.com\/wp-content\/uploads\/2023\/09\/2-1536x1025.jpg?quality=85&strip=all 1536w, https:\/\/i1.wp.com\/www.wehopower.com\/wp-content\/uploads\/2023\/09\/2-2048x1367.jpg?quality=85&strip=all 2048w, https:\/\/i1.wp.com\/www.wehopower.com\/wp-content\/uploads\/2023\/09\/2-1568x1047.jpg?quality=85&strip=all 1568w\" sizes=\"(max-width: 2560px) 100vw, 2560px\" style=\"width:100%;height:66.76%;max-width:2560px;\" \/><\/div>\n\t\t<\/figure>\n\t<\/div>\n<\/div><\/div><\/div><\/div><\/div><\/div><\/div><\/div><div class=\"vc_row-full-width vc_clearfix\"><\/div><div class=\"vc_row wpb_row vc_row-fluid part-four\"><div class=\"wpb_column vc_column_container vc_col-sm-12\"><div class=\"vc_column-inner\"><div class=\"wpb_wrapper\">\n\t<div class=\"wpb_text_column wpb_content_element\" >\n\t\t<div class=\"wpb_wrapper\">\n\t\t\t<h2 class=\"home-h2\">Autre soutien offert par WEHO<\/h2>\n\n\t\t<\/div>\n\t<\/div>\n<div class=\"vc_row wpb_row vc_inner vc_row-fluid\"><div class=\"four-list wpb_column vc_column_container vc_col-sm-4\"><div class=\"vc_column-inner\"><div class=\"wpb_wrapper\">\n\t<div  class=\"wpb_single_image wpb_content_element vc_align_center wpb_content_element\">\n\t\t\n\t\t<figure class=\"wpb_wrapper vc_figure\">\n\t\t\t<a href=\"https:\/\/www.wehopower.com\/fr\/support\/download\/\" target=\"_self\" class=\"vc_single_image-wrapper   vc_box_border_grey\"><img loading=\"lazy\" decoding=\"async\" width=\"360\" height=\"270\" src=\"https:\/\/i1.wp.com\/www.wehopower.com\/wp-content\/uploads\/2023\/08\/Download-1.jpg?quality=85&strip=all\" class=\"vc_single_image-img attachment-full\" alt=\"\" title=\"T\u00e9l\u00e9charger\" srcset=\"https:\/\/i1.wp.com\/www.wehopower.com\/wp-content\/uploads\/2023\/08\/Download-1.jpg?quality=85&strip=all 360w, https:\/\/i1.wp.com\/www.wehopower.com\/wp-content\/uploads\/2023\/08\/Download-1-300x225.jpg?quality=85&strip=all 300w\" sizes=\"(max-width: 360px) 100vw, 360px\" style=\"width:100%;height:75%;max-width:360px;\"><\/a>\n\t\t<\/figure>\n\t<\/div>\n\n\t<div class=\"wpb_text_column wpb_content_element\" >\n\t\t<div class=\"wpb_wrapper\">\n\t\t\t<h3 style=\"text-align: center;\"><a href=\"https:\/\/www.wehopower.com\/fr\/support\/download\/\">T\u00e9l\u00e9charger<\/a><\/h3>\n\n\t\t<\/div>\n\t<\/div>\n<\/div><\/div><\/div><div class=\"four-list wpb_column vc_column_container vc_col-sm-4\"><div class=\"vc_column-inner\"><div class=\"wpb_wrapper\">\n\t<div  class=\"wpb_single_image wpb_content_element vc_align_center wpb_content_element\">\n\t\t\n\t\t<figure class=\"wpb_wrapper vc_figure\">\n\t\t\t<a href=\"https:\/\/www.wehopower.com\/fr\/support\/marketing-services\/\" target=\"_self\" class=\"vc_single_image-wrapper   vc_box_border_grey\"><img loading=\"lazy\" decoding=\"async\" width=\"360\" height=\"270\" src=\"https:\/\/i1.wp.com\/www.wehopower.com\/wp-content\/uploads\/2023\/08\/Market.jpg?quality=85&strip=all\" class=\"vc_single_image-img attachment-full\" alt=\"\" title=\"March\u00e9\" srcset=\"https:\/\/i1.wp.com\/www.wehopower.com\/wp-content\/uploads\/2023\/08\/Market.jpg?quality=85&strip=all 360w, https:\/\/i1.wp.com\/www.wehopower.com\/wp-content\/uploads\/2023\/08\/Market-300x225.jpg?quality=85&strip=all 300w\" sizes=\"(max-width: 360px) 100vw, 360px\" style=\"width:100%;height:75%;max-width:360px;\"><\/a>\n\t\t<\/figure>\n\t<\/div>\n\n\t<div class=\"wpb_text_column wpb_content_element\" >\n\t\t<div class=\"wpb_wrapper\">\n\t\t\t<h3 style=\"text-align: center;\"><a href=\"https:\/\/www.wehopower.com\/fr\/support\/product-design-development\/\">D\u00e9veloppement de conception de produits<\/a><\/h3>\n\n\t\t<\/div>\n\t<\/div>\n<\/div><\/div><\/div><div class=\"four-list wpb_column vc_column_container vc_col-sm-4\"><div class=\"vc_column-inner\"><div class=\"wpb_wrapper\">\n\t<div  class=\"wpb_single_image wpb_content_element vc_align_center wpb_content_element\">\n\t\t\n\t\t<figure class=\"wpb_wrapper vc_figure\">\n\t\t\t<a href=\"https:\/\/www.wehopower.com\/fr\/support\/support-article\/\" target=\"_self\" class=\"vc_single_image-wrapper   vc_box_border_grey\"><img loading=\"lazy\" decoding=\"async\" width=\"360\" height=\"270\" src=\"https:\/\/i1.wp.com\/www.wehopower.com\/wp-content\/uploads\/2023\/08\/Article.jpg?quality=85&strip=all\" class=\"vc_single_image-img attachment-full\" alt=\"Article\" title=\"Article\" srcset=\"https:\/\/i1.wp.com\/www.wehopower.com\/wp-content\/uploads\/2023\/08\/Article.jpg?quality=85&strip=all 360w, https:\/\/i1.wp.com\/www.wehopower.com\/wp-content\/uploads\/2023\/08\/Article-300x225.jpg?quality=85&strip=all 300w\" sizes=\"(max-width: 360px) 100vw, 360px\" style=\"width:100%;height:75%;max-width:360px;\" \/><\/a>\n\t\t<\/figure>\n\t<\/div>\n\n\t<div class=\"wpb_text_column wpb_content_element\" >\n\t\t<div class=\"wpb_wrapper\">\n\t\t\t<h3 style=\"text-align: center;\"><a href=\"https:\/\/www.wehopower.com\/fr\/support\/support-article\/\">Article<\/a><\/h3>\n\n\t\t<\/div>\n\t<\/div>\n<\/div><\/div><\/div><\/div><\/div><\/div><\/div><\/div>\n<\/div>","protected":false},"excerpt":{"rendered":"Customer-Based Design At WEHO, our top priority is to always understand the perspective of our customers. We have a strong commitment to producing and designing high-quality power supplies, chargers, LED drivers, and power inverters that not only meet but exceed your expectations in terms of safety and reliability. Your valuable opinions, ideas, and needs are&hellip; <a class=\"more-link\" href=\"https:\/\/www.wehopower.com\/fr\/support\/marketing\">Continue reading <span class=\"screen-reader-text\">Commercialisation<\/span><\/a>","protected":false},"author":1,"featured_media":0,"parent":17,"menu_order":0,"comment_status":"closed","ping_status":"closed","template":"page-product.php","meta":{"_acf_changed":false,"_joinchat":[],"footnotes":""},"class_list":["post-5557","page","type-page","status-publish","hentry","entry"],"acf":[],"post_mailing_queue_ids":[],"_links":{"self":[{"href":"https:\/\/www.wehopower.com\/fr\/wp-json\/wp\/v2\/pages\/5557","targetHints":{"allow":["GET"]}}],"collection":[{"href":"https:\/\/www.wehopower.com\/fr\/wp-json\/wp\/v2\/pages"}],"about":[{"href":"https:\/\/www.wehopower.com\/fr\/wp-json\/wp\/v2\/types\/page"}],"author":[{"embeddable":true,"href":"https:\/\/www.wehopower.com\/fr\/wp-json\/wp\/v2\/users\/1"}],"replies":[{"embeddable":true,"href":"https:\/\/www.wehopower.com\/fr\/wp-json\/wp\/v2\/comments?post=5557"}],"version-history":[{"count":0,"href":"https:\/\/www.wehopower.com\/fr\/wp-json\/wp\/v2\/pages\/5557\/revisions"}],"up":[{"embeddable":true,"href":"https:\/\/www.wehopower.com\/fr\/wp-json\/wp\/v2\/pages\/17"}],"wp:attachment":[{"href":"https:\/\/www.wehopower.com\/fr\/wp-json\/wp\/v2\/media?parent=5557"}],"curies":[{"name":"wp","href":"https:\/\/api.w.org\/{rel}","templated":true}]}}